{"id":8088,"date":"2023-09-03T20:09:18","date_gmt":"2023-09-03T20:09:18","guid":{"rendered":"https:\/\/barbacoas-argentinas.com\/non%20class\u00e9\/cendrier-pour-barbecue-maconne-binelli\/"},"modified":"2025-12-17T15:01:06","modified_gmt":"2025-12-17T15:01:06","slug":"cendrier-pour-barbecue-maconne-binelli","status":"publish","type":"product","link":"https:\/\/barbacoas-argentinas.com\/fr\/accessoires-pour-barbecue\/cendrier-pour-barbecue-maconne-binelli\/","title":{"rendered":"Cendrier pour Barbecue Ma\u00e7onn\u00e9 Binelli"},"content":{"rendered":"<div class=\"_6s2bg fggS- cell\">\n<h2 class=\"Text3027143737__root Text3027143737---typography-11-runningText Text3027143737---priority-7-primary s8gg2 _149OH InfoSectionTitle3095652555__root\" aria-hidden=\"false\" data-hook=\"info-section-title\"><span style=\"color: #008080;\"><strong><span style=\"font-size: 14pt;\">NOTICE DE MONTAGE BINELLI N02<\/span><\/strong><\/span><\/h2>\n<div class=\"WncCi\" data-hook=\"info-section-description\">\n<p>\u2013 Hauteur : 11 cm.<\/p>\n<p>\u2013 Largeur : 79 cm et 99 cm<\/p>\n<p>\u2013 Profondeur : 60 cm.<\/p>\n<p>\u2013 Combustible recommand\u00e9 : Bois, Charbon et Briquettes.<\/p>\n<\/div>\n<\/div>\n","protected":false},"excerpt":{"rendered":"<p><strong>Le cendrier est renforc\u00e9 et dispose d&rsquo;un bac en acier haute r\u00e9sistance de 2 mm, vous permettant d&rsquo;utiliser du bois sans probl\u00e8me. La grille est en fonte de 5 mm, avec une peinture r\u00e9sistante au feu jusqu&rsquo;\u00e0 600\u00b0C. <\/strong><\/p>\n<p>Comprend un cendrier amovible.<\/p>\n<p>Produit susceptible d&rsquo;\u00eatre endommag\u00e9 par les intemp\u00e9ries.<\/p>\n","protected":false},"featured_media":5731,"template":"","meta":{"_et_pb_use_builder":"","_et_pb_old_content":"","_et_gb_content_width":""},"product_brand":[],"product_cat":[216],"product_tag":[],"class_list":{"0":"post-8088","1":"product","2":"type-product","3":"status-publish","4":"has-post-thumbnail","6":"product_cat-accessoires-pour-barbecue","8":"first","9":"instock","10":"taxable","11":"shipping-taxable","12":"purchasable","13":"product-type-variable","14":"has-default-attributes"},"_links":{"self":[{"href":"https:\/\/barbacoas-argentinas.com\/fr\/wp-json\/wp\/v2\/product\/8088","targetHints":{"allow":["GET"]}}],"collection":[{"href":"https:\/\/barbacoas-argentinas.com\/fr\/wp-json\/wp\/v2\/product"}],"about":[{"href":"https:\/\/barbacoas-argentinas.com\/fr\/wp-json\/wp\/v2\/types\/product"}],"wp:featuredmedia":[{"embeddable":true,"href":"https:\/\/barbacoas-argentinas.com\/fr\/wp-json\/wp\/v2\/media\/5731"}],"wp:attachment":[{"href":"https:\/\/barbacoas-argentinas.com\/fr\/wp-json\/wp\/v2\/media?parent=8088"}],"wp:term":[{"taxonomy":"product_brand","embeddable":true,"href":"https:\/\/barbacoas-argentinas.com\/fr\/wp-json\/wp\/v2\/product_brand?post=8088"},{"taxonomy":"product_cat","embeddable":true,"href":"https:\/\/barbacoas-argentinas.com\/fr\/wp-json\/wp\/v2\/product_cat?post=8088"},{"taxonomy":"product_tag","embeddable":true,"href":"https:\/\/barbacoas-argentinas.com\/fr\/wp-json\/wp\/v2\/product_tag?post=8088"}],"curies":[{"name":"wp","href":"https:\/\/api.w.org\/{rel}","templated":true}]}}