{"id":8073,"date":"2023-09-03T20:11:59","date_gmt":"2023-09-03T20:11:59","guid":{"rendered":"https:\/\/barbacoas-argentinas.com\/non%20class\u00e9\/bac-a-bois\/"},"modified":"2025-12-16T15:55:23","modified_gmt":"2025-12-16T15:55:23","slug":"bac-a-bois","status":"publish","type":"product","link":"https:\/\/barbacoas-argentinas.com\/fr\/accessoires-pour-barbecue\/bac-a-bois\/","title":{"rendered":"Bac \u00e0 bois"},"content":{"rendered":"<p><strong>Bac \u00e0 bois pour b\u00fbches ou charbon.<\/strong><\/p>\n<p>&nbsp;<\/p>\n<p>Dimensions : environ 30 cm x 50 cm.<\/p>\n<p>Id\u00e9al pour allumer et entretenir les braises pendant la cuisson.<\/p>\n<div class=\"_6s2bg fggS- cell\">\n<h2 class=\"Text3027143737__root Text3027143737---typography-11-runningText Text3027143737---priority-7-primary s8gg2 _149OH InfoSectionTitle3095652555__root\" aria-hidden=\"false\" data-hook=\"info-section-title\"><strong>DELAI DE LIVRAISON<\/strong><\/h2>\n<div class=\"WncCi\" data-hook=\"info-section-description\">\n<p>TEMPS DE FABRICATION 5 JOURS<\/p>\n<\/div>\n<\/div>\n","protected":false},"excerpt":{"rendered":"<p><strong>Range-b\u00fbches pour bois de chauffage ou charbon.<\/strong><br \/>\n&nbsp;<\/p>\n<p>Dimensions : 30 cm x 50 cm environ.<\/p>\n<p>Id\u00e9al pour allumer et entretenir les braises pendant la cuisson.<\/p>\n","protected":false},"featured_media":5707,"template":"","meta":{"_et_pb_use_builder":"","_et_pb_old_content":"","_et_gb_content_width":""},"product_brand":[],"product_cat":[216],"product_tag":[],"class_list":{"0":"post-8073","1":"product","2":"type-product","3":"status-publish","4":"has-post-thumbnail","6":"product_cat-accessoires-pour-barbecue","7":"product_shipping_class-accesorios","8":"product_shipping_class-accessoires-fr","10":"first","11":"onbackorder","12":"taxable","13":"shipping-taxable","14":"purchasable","15":"product-type-simple"},"_links":{"self":[{"href":"https:\/\/barbacoas-argentinas.com\/fr\/wp-json\/wp\/v2\/product\/8073","targetHints":{"allow":["GET"]}}],"collection":[{"href":"https:\/\/barbacoas-argentinas.com\/fr\/wp-json\/wp\/v2\/product"}],"about":[{"href":"https:\/\/barbacoas-argentinas.com\/fr\/wp-json\/wp\/v2\/types\/product"}],"wp:featuredmedia":[{"embeddable":true,"href":"https:\/\/barbacoas-argentinas.com\/fr\/wp-json\/wp\/v2\/media\/5707"}],"wp:attachment":[{"href":"https:\/\/barbacoas-argentinas.com\/fr\/wp-json\/wp\/v2\/media?parent=8073"}],"wp:term":[{"taxonomy":"product_brand","embeddable":true,"href":"https:\/\/barbacoas-argentinas.com\/fr\/wp-json\/wp\/v2\/product_brand?post=8073"},{"taxonomy":"product_cat","embeddable":true,"href":"https:\/\/barbacoas-argentinas.com\/fr\/wp-json\/wp\/v2\/product_cat?post=8073"},{"taxonomy":"product_tag","embeddable":true,"href":"https:\/\/barbacoas-argentinas.com\/fr\/wp-json\/wp\/v2\/product_tag?post=8073"}],"curies":[{"name":"wp","href":"https:\/\/api.w.org\/{rel}","templated":true}]}}