{"id":8069,"date":"2023-09-03T20:12:37","date_gmt":"2023-09-03T20:12:37","guid":{"rendered":"https:\/\/barbacoas-argentinas.com\/non%20class\u00e9\/grill-rond\/"},"modified":"2025-12-17T14:48:33","modified_gmt":"2025-12-17T14:48:33","slug":"grill-rond","status":"publish","type":"product","link":"https:\/\/barbacoas-argentinas.com\/fr\/accessoires-pour-barbecue\/grill-rond\/","title":{"rendered":"Grill rond"},"content":{"rendered":"<p><strong>Grill rond \u00e9maill\u00e9 avec couvercle, id\u00e9al pour les petits espaces car il cuit sans produire de fum\u00e9e ni d&rsquo;odeur. Dot\u00e9 d&rsquo;un bac \u00e0 aliments et \u00e0 graisse pour un nettoyage plus facile. Poign\u00e9es en bak\u00e9lite.  <\/strong><\/p>\n","protected":false},"excerpt":{"rendered":"<p>Grill rond \u00e9maill\u00e9 avec couvercle, id\u00e9al pour les petits espaces car il cuit sans produire de fum\u00e9e ni d&rsquo;odeur. Dot\u00e9 d&rsquo;un bac \u00e0 aliments et \u00e0 graisse pour un nettoyage plus facile. Poign\u00e9es en bak\u00e9lite.  <\/p>\n<p><strong>Diam\u00e8tre : 37 cm<\/strong><\/p>\n<p><strong>Couleur : noir<\/strong><\/p>\n","protected":false},"featured_media":5691,"template":"","meta":{"_et_pb_use_builder":"","_et_pb_old_content":"","_et_gb_content_width":""},"product_brand":[],"product_cat":[216],"product_tag":[],"class_list":{"0":"post-8069","1":"product","2":"type-product","3":"status-publish","4":"has-post-thumbnail","6":"product_cat-accessoires-pour-barbecue","7":"product_shipping_class-accesorios","9":"first","10":"instock","11":"taxable","12":"shipping-taxable","13":"purchasable","14":"product-type-simple"},"_links":{"self":[{"href":"https:\/\/barbacoas-argentinas.com\/fr\/wp-json\/wp\/v2\/product\/8069","targetHints":{"allow":["GET"]}}],"collection":[{"href":"https:\/\/barbacoas-argentinas.com\/fr\/wp-json\/wp\/v2\/product"}],"about":[{"href":"https:\/\/barbacoas-argentinas.com\/fr\/wp-json\/wp\/v2\/types\/product"}],"wp:featuredmedia":[{"embeddable":true,"href":"https:\/\/barbacoas-argentinas.com\/fr\/wp-json\/wp\/v2\/media\/5691"}],"wp:attachment":[{"href":"https:\/\/barbacoas-argentinas.com\/fr\/wp-json\/wp\/v2\/media?parent=8069"}],"wp:term":[{"taxonomy":"product_brand","embeddable":true,"href":"https:\/\/barbacoas-argentinas.com\/fr\/wp-json\/wp\/v2\/product_brand?post=8069"},{"taxonomy":"product_cat","embeddable":true,"href":"https:\/\/barbacoas-argentinas.com\/fr\/wp-json\/wp\/v2\/product_cat?post=8069"},{"taxonomy":"product_tag","embeddable":true,"href":"https:\/\/barbacoas-argentinas.com\/fr\/wp-json\/wp\/v2\/product_tag?post=8069"}],"curies":[{"name":"wp","href":"https:\/\/api.w.org\/{rel}","templated":true}]}}