{"id":8041,"date":"2023-09-03T20:21:00","date_gmt":"2023-09-03T20:21:00","guid":{"rendered":"https:\/\/barbacoas-argentinas.com\/non%20class\u00e9\/grils-de-barbecue\/"},"modified":"2025-12-16T16:21:09","modified_gmt":"2025-12-16T16:21:09","slug":"grils-de-barbecue","status":"publish","type":"product","link":"https:\/\/barbacoas-argentinas.com\/fr\/accessoires-pour-barbecue\/grils-de-barbecue\/","title":{"rendered":"Grils de barbecue"},"content":{"rendered":"<div class=\"_6s2bg fggS- cell\">\n<h2 class=\"Text3027143737__root Text3027143737---typography-11-runningText Text3027143737---priority-7-primary s8gg2 _149OH InfoSectionTitle3095652555__root\" aria-hidden=\"false\" data-hook=\"info-section-title\"><span style=\"font-size: 14pt;\"><strong>MEDIDAS<\/strong><\/span><\/h2>\n<div class=\"WncCi\" data-hook=\"info-section-description\">\n<p>&nbsp;<\/p>\n<p>Grill moyen : Hauteur : 80 cm | Profondeur : 70 cm, Capacit\u00e9 : 10-12 kg<\/p>\n<p>&nbsp;<\/p>\n<\/div>\n<\/div>\n","protected":false},"excerpt":{"rendered":"<p><span style=\"font-size: 12pt;\"><strong>Barbecues trois mod\u00e8les avec inclinaison verticale, fabriqu\u00e9s en fer.<\/strong><\/span><\/p>\n<p>Avec les barbecues \u00e0 ceinture, vous contr\u00f4lez ce que vous cuisinez, des c\u00f4tes lev\u00e9es au poulet, en passant par le cochon de lait ou l&rsquo;agneau, tout est possible. Et si vous n&rsquo;avez pas d&rsquo;endroit pour faire le feu, regardez le mod\u00e8le Duomo Grande de Tromen.<\/p>\n","protected":false},"featured_media":5651,"template":"","meta":{"_et_pb_use_builder":"","_et_pb_old_content":"","_et_gb_content_width":""},"product_brand":[],"product_cat":[216],"product_tag":[],"class_list":{"0":"post-8041","1":"product","2":"type-product","3":"status-publish","4":"has-post-thumbnail","6":"product_cat-accessoires-pour-barbecue","7":"product_shipping_class-tromen-rotissoires","9":"first","10":"instock","11":"taxable","12":"shipping-taxable","13":"purchasable","14":"product-type-variable"},"_links":{"self":[{"href":"https:\/\/barbacoas-argentinas.com\/fr\/wp-json\/wp\/v2\/product\/8041","targetHints":{"allow":["GET"]}}],"collection":[{"href":"https:\/\/barbacoas-argentinas.com\/fr\/wp-json\/wp\/v2\/product"}],"about":[{"href":"https:\/\/barbacoas-argentinas.com\/fr\/wp-json\/wp\/v2\/types\/product"}],"wp:featuredmedia":[{"embeddable":true,"href":"https:\/\/barbacoas-argentinas.com\/fr\/wp-json\/wp\/v2\/media\/5651"}],"wp:attachment":[{"href":"https:\/\/barbacoas-argentinas.com\/fr\/wp-json\/wp\/v2\/media?parent=8041"}],"wp:term":[{"taxonomy":"product_brand","embeddable":true,"href":"https:\/\/barbacoas-argentinas.com\/fr\/wp-json\/wp\/v2\/product_brand?post=8041"},{"taxonomy":"product_cat","embeddable":true,"href":"https:\/\/barbacoas-argentinas.com\/fr\/wp-json\/wp\/v2\/product_cat?post=8041"},{"taxonomy":"product_tag","embeddable":true,"href":"https:\/\/barbacoas-argentinas.com\/fr\/wp-json\/wp\/v2\/product_tag?post=8041"}],"curies":[{"name":"wp","href":"https:\/\/api.w.org\/{rel}","templated":true}]}}