{"id":8022,"date":"2023-09-18T10:48:42","date_gmt":"2023-09-18T10:48:42","guid":{"rendered":"https:\/\/barbacoas-argentinas.com\/non class\u00e9\/plan-de-travail-eco\/"},"modified":"2023-09-18T10:48:42","modified_gmt":"2023-09-18T10:48:42","slug":"plan-de-travail-eco","status":"publish","type":"product","link":"https:\/\/barbacoas-argentinas.com\/fr\/barbecue-fixe\/plan-de-travail-eco\/","title":{"rendered":"Plan de travail ECO"},"content":{"rendered":"<p>Ajoutez praticit\u00e9 et \u00e9l\u00e9gance \u00e0 votre grill avec le plan de travail mini.<\/p>\n<p>Largeur : 80 cm<br \/>\nHauteur : 82 cm<br \/>\nProfondeur : 54 cm<\/p>\n","protected":false},"excerpt":{"rendered":"<p>Ajoutez praticit\u00e9 et \u00e9l\u00e9gance \u00e0 votre grill avec le plan de travail mini.<\/p>\n<p>Largeur : 80 cm<br \/>\nHauteur : 82 cm<br \/>\nProfondeur : 54 cm<\/p>\n","protected":false},"featured_media":0,"template":"","meta":{"_et_pb_use_builder":"","_et_pb_old_content":"","_et_gb_content_width":""},"product_brand":[],"product_cat":[261],"product_tag":[],"class_list":{"0":"post-8022","1":"product","2":"type-product","3":"status-publish","5":"product_cat-barbecue-fixe","7":"first","8":"instock","9":"taxable","10":"shipping-taxable","11":"product-type-simple"},"_links":{"self":[{"href":"https:\/\/barbacoas-argentinas.com\/fr\/wp-json\/wp\/v2\/product\/8022","targetHints":{"allow":["GET"]}}],"collection":[{"href":"https:\/\/barbacoas-argentinas.com\/fr\/wp-json\/wp\/v2\/product"}],"about":[{"href":"https:\/\/barbacoas-argentinas.com\/fr\/wp-json\/wp\/v2\/types\/product"}],"wp:attachment":[{"href":"https:\/\/barbacoas-argentinas.com\/fr\/wp-json\/wp\/v2\/media?parent=8022"}],"wp:term":[{"taxonomy":"product_brand","embeddable":true,"href":"https:\/\/barbacoas-argentinas.com\/fr\/wp-json\/wp\/v2\/product_brand?post=8022"},{"taxonomy":"product_cat","embeddable":true,"href":"https:\/\/barbacoas-argentinas.com\/fr\/wp-json\/wp\/v2\/product_cat?post=8022"},{"taxonomy":"product_tag","embeddable":true,"href":"https:\/\/barbacoas-argentinas.com\/fr\/wp-json\/wp\/v2\/product_tag?post=8022"}],"curies":[{"name":"wp","href":"https:\/\/api.w.org\/{rel}","templated":true}]}}