{"id":7981,"date":"2023-12-28T18:39:34","date_gmt":"2023-12-28T18:39:34","guid":{"rendered":"https:\/\/barbacoas-argentinas.com\/non%20class\u00e9\/grill-fumoir-tromen-duomo-ceibo-a-bois\/"},"modified":"2026-04-28T02:52:09","modified_gmt":"2026-04-28T02:52:09","slug":"grill-fumoir-tromen-duomo-ceibo-a-bois","status":"publish","type":"product","link":"https:\/\/barbacoas-argentinas.com\/fr\/grills-portables-les-plus-vendus\/grill-fumoir-tromen-duomo-ceibo-a-bois\/","title":{"rendered":"Parrilla Fogonero Duomo Ceibo \u00e0 bois Tromen"},"content":{"rendered":"<p><span style=\"color: #000000;\"><strong><span style=\"font-family: Open Sans, sans-serif;\"><span style=\"font-size: medium;\"><b>Si vous recherchez une exp\u00e9rience authentiquement argentine sans vous compliquer la vie, le Fogonero (foyer ext\u00e9rieur) Duomo Ceibo \u00e0 bois Tromen est le choix parfait. Robuste et r\u00e9sistant, ce foyer est con\u00e7u pour supporter de tr\u00e8s hautes temp\u00e9ratures et vous offrir cette saveur fum\u00e9e et dor\u00e9e caract\u00e9ristique du feu de bois. <\/b><\/span><\/span><\/strong><\/span><\/p>\n<div style=\"display: flex; justify-content: center;\">\n<div style=\"width: 600px !important; height: 400px !important; overflow: hidden;\"><iframe style=\"width: 600px !important; height: 400px !important; border: 0;\" src=\"https:\/\/www.youtube.com\/embed\/fbZGt9v88rQ?autoplay=1&amp;start=1&amp;end=45&amp;loop=1&amp;playlist=fbZGt9v88rQ&amp;mute=1\" allowfullscreen=\"allowfullscreen\"><span data-mce-type=\"bookmark\" style=\"display: inline-block; width: 0px; overflow: hidden; line-height: 0;\" class=\"mce_SELRES_start\"><\/span><br \/>\n<\/iframe><\/div>\n<\/div>\n<p>&nbsp;<\/p>\n<p><span style=\"color: #000000;\"><strong><span style=\"font-family: Open Sans, sans-serif;\"><span style=\"font-size: medium;\"><b>Avantages et Caract\u00e9ristiques :<\/b><\/span><\/span><\/strong><\/span><\/p>\n<ul>\n<li><span style=\"color: #000000;\"><span style=\"font-family: quote-cjk-patch, Inter, system-ui, apple-system, BlinkMacSystemFont, Segoe UI, Roboto, Oxygen, Ubuntu, Cantarell, Open Sans, Helvetica Neue, sans-serif;\"><strong><span style=\"font-family: Open Sans, sans-serif;\"><span style=\"font-size: medium;\">Design robuste et r\u00e9sistant:<\/span><\/span><\/strong> <span style=\"font-family: Open Sans, sans-serif;\"><span style=\"font-size: medium;\"><b>Fabriqu\u00e9 en t\u00f4le d&rsquo;acier r\u00e9sistante avec des modules \u00e9maill\u00e9s pour une durabilit\u00e9 sup\u00e9rieure.<\/b><\/span><\/span><\/span><\/span><\/li>\n<li><span style=\"color: #000000;\"><span style=\"font-family: quote-cjk-patch, Inter, system-ui, apple-system, BlinkMacSystemFont, Segoe UI, Roboto, Oxygen, Ubuntu, Cantarell, Open Sans, Helvetica Neue, sans-serif;\"><strong><span style=\"font-family: Open Sans, sans-serif;\"><b>Exp\u00e9rience de barbecue authentique:<\/b><\/span><\/strong> <span style=\"font-family: Open Sans, sans-serif;\"><span style=\"font-size: medium;\"><b>\u00c9quip\u00e9 d&rsquo;une croix \u00e0 matambre (asador), de crochets et de brochettes pour pr\u00e9parer le meilleur barbecue et des viandes fum\u00e9es.<\/b><\/span><\/span><\/span><\/span><\/li>\n<li><span style=\"color: #000000;\"><span style=\"font-family: quote-cjk-patch, Inter, system-ui, apple-system, BlinkMacSystemFont, Segoe UI, Roboto, Oxygen, Ubuntu, Cantarell, Open Sans, Helvetica Neue, sans-serif;\"><strong><span style=\"font-family: Open Sans, sans-serif;\"><span style=\"font-size: medium;\"><b>Grande surface de cuisson :<\/b><\/span><\/span><\/strong> <span style=\"font-family: Open Sans, sans-serif;\"><b>Id\u00e9al pour les r\u00e9unions de plus de 8 personnes, permettant de cuire de grandes quantit\u00e9s d&rsquo;aliments au bois avec une saveur inoubliable.<\/b><\/span><\/span><\/span><\/li>\n<li><span style=\"color: #000000;\"><span style=\"font-family: quote-cjk-patch, Inter, system-ui, apple-system, BlinkMacSystemFont, Segoe UI, Roboto, Oxygen, Ubuntu, Cantarell, Open Sans, Helvetica Neue, sans-serif;\"><strong><span style=\"font-family: Open Sans, sans-serif;\"><span style=\"font-size: medium;\"><b>Facile \u00e0 assembler<\/b><\/span><\/span><\/strong><span style=\"font-family: Open Sans, sans-serif;\"><span style=\"font-size: medium;\"><b>: Le montage est simple et rapide, avec des pi\u00e8ces claires et un embo\u00eetement pr\u00e9cis. En quelques minutes, elle sera pr\u00eate \u00e0 \u00eatre allum\u00e9e ! <\/b><\/span><\/span><\/span><\/span><\/li>\n<\/ul>\n<p>&nbsp;<\/p>\n<div class=\"image-container\"><img loading=\"lazy\" decoding=\"async\" class=\"responsive-image aligncenter\" src=\"https:\/\/barbacoas-argentinas.com\/wp-content\/uploads\/2023\/09\/ceibo.webp\" alt=\"Image d'exemple\" width=\"600\" height=\"400\" \/><\/div>\n<h2 data-start=\"1341\" data-end=\"1370\"><\/h2>\n","protected":false},"excerpt":{"rendered":"<p><span style=\"font-size: 12pt; color: #000000;\"><strong>Caract\u00e9ristiques principales<\/strong><\/span><br \/>\n<span style=\"font-size: 12pt; color: #000000;\">Foyer ext\u00e9rieur en t\u00f4le d&rsquo;acier r\u00e9sistante<\/span><br \/>\n<span style=\"font-size: 12pt; color: #000000;\">Deux grilles + plaque en acier \u00e9maill\u00e9e<\/span><br \/>\n<span style=\"font-size: 12pt; color: #000000;\">Croix \u00e0 matambre avec corne, crochets et brochettes<\/span><br \/>\n<span style=\"font-size: 12pt; color: #000000;\">Surface de cuisson : 80 \u00d7 80 cm<\/span><br \/>\n<span style=\"font-size: 12pt; color: #000000;\">Dimensions totales du barbecue : 80 cm x 95 cm x 80 cm<\/span><br \/>\n<span style=\"font-size: 12pt; color: #000000;\">Facile \u00e0 monter et \u00e0 utiliser<\/span><br \/>\n<span style=\"font-size: 12pt; color: #000000;\">Id\u00e9al pour terrasse ou jardin<\/span><br \/>\n<span style=\"font-size: 12pt; color: #000000;\">Parfaite pour la saveur fum\u00e9e traditionnelle argentine<\/span><\/p>\n<p><strong><span style=\"font-size: 12pt;\"><span style=\"color: #000000;\">T\u00e9l\u00e9chargez le manuel PDF<\/span><\/span><\/strong><br \/>\n<a href=\"https:\/\/barbacoas-argentinas.com\/wp-content\/uploads\/2025\/12\/Manual-Duomo-Ceibo-tromen.pdf\" target=\"_blank\" rel=\"noopener\">T\u00c9L\u00c9CHARGER<\/a><\/p>\n","protected":false},"featured_media":7239,"template":"","meta":{"_et_pb_use_builder":"","_et_pb_old_content":"","_et_gb_content_width":""},"product_brand":[],"product_cat":[217,263],"product_tag":[],"class_list":{"0":"post-7981","1":"product","2":"type-product","3":"status-publish","4":"has-post-thumbnail","6":"product_cat-duomos-fr","7":"product_cat-grills-portables-les-plus-vendus","8":"product_shipping_class-parrillas-tromen-fr","10":"first","11":"instock","12":"sale","13":"taxable","14":"shipping-taxable","15":"purchasable","16":"product-type-simple"},"_links":{"self":[{"href":"https:\/\/barbacoas-argentinas.com\/fr\/wp-json\/wp\/v2\/product\/7981","targetHints":{"allow":["GET"]}}],"collection":[{"href":"https:\/\/barbacoas-argentinas.com\/fr\/wp-json\/wp\/v2\/product"}],"about":[{"href":"https:\/\/barbacoas-argentinas.com\/fr\/wp-json\/wp\/v2\/types\/product"}],"wp:featuredmedia":[{"embeddable":true,"href":"https:\/\/barbacoas-argentinas.com\/fr\/wp-json\/wp\/v2\/media\/7239"}],"wp:attachment":[{"href":"https:\/\/barbacoas-argentinas.com\/fr\/wp-json\/wp\/v2\/media?parent=7981"}],"wp:term":[{"taxonomy":"product_brand","embeddable":true,"href":"https:\/\/barbacoas-argentinas.com\/fr\/wp-json\/wp\/v2\/product_brand?post=7981"},{"taxonomy":"product_cat","embeddable":true,"href":"https:\/\/barbacoas-argentinas.com\/fr\/wp-json\/wp\/v2\/product_cat?post=7981"},{"taxonomy":"product_tag","embeddable":true,"href":"https:\/\/barbacoas-argentinas.com\/fr\/wp-json\/wp\/v2\/product_tag?post=7981"}],"curies":[{"name":"wp","href":"https:\/\/api.w.org\/{rel}","templated":true}]}}