{"id":7976,"date":"2024-07-17T21:07:25","date_gmt":"2024-07-17T21:07:25","guid":{"rendered":"https:\/\/barbacoas-argentinas.com\/non%20class\u00e9\/parrilla-tromen-hornero-grill-bbq\/"},"modified":"2026-02-20T15:23:36","modified_gmt":"2026-02-20T15:23:36","slug":"parrilla-tromen-hornero-grill-bbq","status":"publish","type":"product","link":"https:\/\/barbacoas-argentinas.com\/fr\/barbecues-portatifs\/parrilla-tromen-hornero-grill-bbq\/","title":{"rendered":"Parrilla Tromen Hornero Grill BBQ"},"content":{"rendered":"<p><strong><span style=\"color: #0f1115;\"><span style=\"font-family: Open Sans, sans-serif;\"><span style=\"font-size: medium;\"><b>Qualit\u00e9 offerte par cette Parrilla Tromen Grill BBQ<\/b><\/span><\/span><\/span><\/strong><\/p>\n<ul>\n<li><span style=\"color: #0f1115;\"><span style=\"font-family: Open Sans, sans-serif;\"><span style=\"font-size: medium;\">Structure en acier haute r\u00e9sistance, con\u00e7ue pour durer des ann\u00e9es.<\/span><\/span><\/span><\/li>\n<li><span style=\"color: #0f1115;\"><span style=\"font-family: Open Sans, sans-serif;\"><span style=\"font-size: medium;\">Grille en porcelaine \u00e9maill\u00e9e, amovible et facile \u00e0 nettoyer.<\/span><\/span><\/span><\/li>\n<li><span style=\"color: #0f1115;\"><span style=\"font-family: Open Sans, sans-serif;\"><span style=\"font-size: medium;\">Grande surface de cuisson : 66,2 cm x 30,2 cm, id\u00e9ale pour les grosses pi\u00e8ces de viande, les l\u00e9gumes et les saucisses.<\/span><\/span><\/span><\/li>\n<li><span style=\"color: #0f1115;\"><span style=\"font-family: Open Sans, sans-serif;\"><span style=\"font-size: medium;\">Couvercle r\u00e9sistant, essentiel pour ma\u00eetriser la chaleur et obtenir une cuisson plus homog\u00e8ne.<\/span><\/span><\/span><\/li>\n<li><span style=\"color: #0f1115;\"><span style=\"font-family: Open Sans, sans-serif;\"><span style=\"font-size: medium;\">Con\u00e7ue pour fonctionner au charbon de bois ou au bois, comme l&rsquo;exige un bon asado.<\/span><\/span><\/span><\/li>\n<\/ul>\n<p><strong><span style=\"color: #0f1115;\"><span style=\"font-family: Open Sans, sans-serif;\"><span style=\"font-size: medium;\"><b>Difficult\u00e9 d&rsquo;assemblage<\/b><\/span><\/span><\/span><\/strong><\/p>\n<p><span style=\"color: #0f1115;\"><span style=\"font-family: Open Sans, sans-serif;\"><span style=\"font-size: medium;\">Le montage est simple et bien expliqu\u00e9. Pas de pi\u00e8ces \u00e9tranges \u00e0 devoir assembler. La structure est logique, stable et facile \u00e0 ajuster. En un rien de temps, elle est pr\u00eate \u00e0 l&#8217;emploi.   <\/span><\/span><\/span><\/p>\n<p><span style=\"color: #0f1115;\"><span style=\"font-family: quote-cjk-patch, Inter, system-ui, apple-system, BlinkMacSystemFont, Segoe UI, Roboto, Oxygen, Ubuntu, Cantarell, Open Sans, Helvetica Neue, sans-serif;\"><span style=\"font-size: medium;\"><strong><span style=\"font-family: Open Sans, sans-serif;\">Gr\u00e2ce \u00e0 sa taille et \u00e0 ses roues, vous pouvez la d\u00e9placer sans effort pour l&rsquo;installer exactement \u00e0 l&rsquo;endroit o\u00f9 vous voulez cuisiner, que ce soit sous une pergola, \u00e0 c\u00f4t\u00e9 de la table de la terrasse ou dans un coin ext\u00e9rieur confortable.<\/span><\/strong><\/span><\/span><\/span><\/p>\n<h2><span style=\"color: #666666; font-size: 14px;\">.<\/span><\/h2>\n<p data-start=\"2303\" data-end=\"2471\"><img loading=\"lazy\" decoding=\"async\" class=\"responsive-image aligncenter\" src=\"https:\/\/barbacoas-argentinas.com\/wp-content\/uploads\/2024\/07\/parrilla-tromen-hornero-ahuramdor-bbq.webp\" alt=\"Image d'exemple\" width=\"400\" height=\"600\"><\/p>\n<p data-start=\"3427\" data-end=\"3786\">\n","protected":false},"excerpt":{"rendered":"<p><span style=\"font-size: 12pt; color: #000000;\"><strong>Caract\u00e9ristiques du Hornero Grill<\/strong><br \/>\n<strong>\u00b7<\/strong> Plaque de cuisson en fonte \u00e9maill\u00e9e<\/span><br \/>\n<span style=\"font-size: 12pt; color: #000000;\"><strong>\u00b7 <\/strong>Roues sur le c\u00f4t\u00e9 droit<\/span><br \/>\n<span style=\"font-size: 12pt; color: #000000;\">\u00b7 Couvercle sup\u00e9rieur<\/span><br \/>\n<span style=\"font-size: 12pt; color: #000000;\">Largeur : 80 cm<\/span><br \/>\n<span style=\"font-size: 12pt; color: #000000;\"><strong>\u00b7 Hauteur : <\/strong>96,6 cm<\/span><br \/>\n<span style=\"font-size: 12pt; color: #000000;\"><strong>\u00b7 Profondeur :<\/strong> 43,2 cm<\/span><br \/>\n<span style=\"font-size: 12pt; color: #000000;\"><strong>\u00b7 Poids :<\/strong> 26 kg<\/span><br \/>\n<span style=\"font-size: 12pt; color: #000000;\">\u00b7 Surface de cuisson : 66,2 cm de large x 30,2 cm de profondeur<\/span><\/p>\n","protected":false},"featured_media":7159,"template":"","meta":{"_et_pb_use_builder":"","_et_pb_old_content":"","_et_gb_content_width":""},"product_brand":[],"product_cat":[233,218],"product_tag":[],"class_list":{"0":"post-7976","1":"product","2":"type-product","3":"status-publish","4":"has-post-thumbnail","6":"product_cat-barbecues-portatifs","7":"product_cat-grils-tromen","8":"product_shipping_class-parrillas-tromen-fr","10":"first","11":"instock","12":"taxable","13":"shipping-taxable","14":"purchasable","15":"product-type-simple"},"_links":{"self":[{"href":"https:\/\/barbacoas-argentinas.com\/fr\/wp-json\/wp\/v2\/product\/7976","targetHints":{"allow":["GET"]}}],"collection":[{"href":"https:\/\/barbacoas-argentinas.com\/fr\/wp-json\/wp\/v2\/product"}],"about":[{"href":"https:\/\/barbacoas-argentinas.com\/fr\/wp-json\/wp\/v2\/types\/product"}],"wp:featuredmedia":[{"embeddable":true,"href":"https:\/\/barbacoas-argentinas.com\/fr\/wp-json\/wp\/v2\/media\/7159"}],"wp:attachment":[{"href":"https:\/\/barbacoas-argentinas.com\/fr\/wp-json\/wp\/v2\/media?parent=7976"}],"wp:term":[{"taxonomy":"product_brand","embeddable":true,"href":"https:\/\/barbacoas-argentinas.com\/fr\/wp-json\/wp\/v2\/product_brand?post=7976"},{"taxonomy":"product_cat","embeddable":true,"href":"https:\/\/barbacoas-argentinas.com\/fr\/wp-json\/wp\/v2\/product_cat?post=7976"},{"taxonomy":"product_tag","embeddable":true,"href":"https:\/\/barbacoas-argentinas.com\/fr\/wp-json\/wp\/v2\/product_tag?post=7976"}],"curies":[{"name":"wp","href":"https:\/\/api.w.org\/{rel}","templated":true}]}}