{"id":7934,"date":"2024-12-11T16:58:16","date_gmt":"2024-12-11T16:58:16","guid":{"rendered":"https:\/\/barbacoas-argentinas.com\/non%20class\u00e9\/grill-fogonero-fp-grande\/"},"modified":"2026-02-20T15:55:25","modified_gmt":"2026-02-20T15:55:25","slug":"grill-fogonero-fp-grande","status":"publish","type":"product","link":"https:\/\/barbacoas-argentinas.com\/fr\/grils-tromen\/grill-fogonero-fp-grande\/","title":{"rendered":"Fogonero FP Grande Grill"},"content":{"rendered":"<div style=\"display: flex; justify-content: center;\">\n<div style=\"width: 600px !important; height: 400px !important; overflow: hidden;\"><iframe style=\"width: 600px !important; height: 400px !important; border: 0;\" src=\"https:\/\/www.youtube.com\/embed\/AKzQfdPhD6c?autoplay=1&amp;start=1&amp;end=45&amp;loop=1&amp;playlist=AKzQfdPhD6c&amp;mute=1\" allowfullscreen=\"allowfullscreen\"><br \/>\n<\/iframe><\/div>\n<\/div>\n<h4 data-start=\"1063\" data-end=\"1101\"><\/h4>\n<p><strong><span style=\"color: #0f1115;\"><span style=\"font-family: Open Sans, sans-serif;\"><span style=\"font-size: medium;\"><b>Taille, poids et portabilit\u00e9<\/b><\/span><\/span><\/span><\/strong><\/p>\n<p><span style=\"color: #0f1115;\"><span style=\"font-family: Open Sans, sans-serif;\"><span style=\"font-size: medium;\">Ses dimensions \u2014 26,3 cm de large, 25,3 cm de haut et 40 cm de profondeur \u2014 et son poids l\u00e9ger (environ 1,6 kg) le rendent facile \u00e0 transporter, ranger ou d\u00e9placer.<\/span><\/span><\/span><\/p>\n<ul>\n<li><span style=\"color: #0f1115;\"><span style=\"font-family: Open Sans, sans-serif;\"><span style=\"font-size: medium;\">Structure r\u00e9sistante \u00e0 la chaleur et \u00e0 l&rsquo;usure, fabriqu\u00e9e en t\u00f4le \u00e9maill\u00e9e de qualit\u00e9.<\/span><\/span><\/span><\/li>\n<li><span style=\"color: #0f1115;\"><span style=\"font-family: Open Sans, sans-serif;\"><span style=\"font-size: medium;\">Design compact et nomade, mais avec un espace suffisant pour accueillir un feu de braises efficace.<\/span><\/span><\/span><\/li>\n<li><span style=\"color: #0f1115;\"><span style=\"font-family: Open Sans, sans-serif;\"><span style=\"font-size: medium;\">Facilit\u00e9 d&rsquo;utilisation et de transport : pas besoin d&rsquo;un emplacement fixe, il peut \u00eatre utilis\u00e9 sur une terrasse, dans un jardin ou en ext\u00e9rieur.<\/span><\/span><\/span><\/li>\n<li><span style=\"color: #0f1115;\"><span style=\"font-family: Open Sans, sans-serif;\"><span style=\"font-size: medium;\">Polyvalence : id\u00e9al pour les grillades, les feux de braise, les cuissons lentes ou les foyers ma\u00eetris\u00e9s.<\/span><\/span><\/span><\/li>\n<\/ul>\n<p>&nbsp;<\/p>\n<div class=\"image-container\"><img loading=\"lazy\" decoding=\"async\" class=\"responsive-image aligncenter\" src=\"https:\/\/barbacoas-argentinas.com\/wp-content\/uploads\/2024\/12\/Fogonero-FP-Tromen.webp\" alt=\"Image d'exemple\" width=\"400\" height=\"400\"><\/div>\n<div><\/div>\n<div><\/div>\n<p data-start=\"2474\" data-end=\"2553\">\n","protected":false},"excerpt":{"rendered":"<p><span style=\"color: #000000;\"><strong style=\"font-size: 12pt;\"><span style=\"text-decoration: underline;\">Dimensions<\/span><\/strong><\/span><\/p>\n<div class=\"row\">\n<div class=\"col-md-4 col-12 column-title\">\n<p class=\"text-red\"><span style=\"color: #000000;\"><strong>\u00b7<\/strong> LARGEUR 26,3 cm<\/span><br \/>\n<span style=\"color: #000000;\"><strong>\u00b7 <\/strong>HAUTEUR 25,3 cm<\/span><br \/>\n<span style=\"color: #000000;\"><strong>\u00b7<\/strong> PROFONDEUR 40 cm<\/span><br \/>\n<strong>\u00b7<\/strong> POIDS 1,6 kg<\/p>\n<\/div>\n<\/div>\n<div class=\"row\">\n<div class=\"col-md-4 col-12 column-title\">\n<p class=\"text-red\"><span style=\"color: #000000;\"><strong>Caract\u00e9ristiques<\/strong><br \/>\n\u00c9maillage<\/span><\/p>\n<\/div>\n<\/div>\n<p><span style=\"font-size: 12pt;\"><strong><span style=\"color: #000000;\">Manuel d&rsquo;instructions<\/span><\/strong><\/span> <span style=\"font-size: 12pt;\"><strong><a href=\"https:\/\/barbacoas-argentinas.com\/wp-content\/uploads\/2024\/12\/Fogonero-FP-grande-Ficha-tecnica-1.pdf\" target=\"_blank\" rel=\"noopener\">T\u00c9L\u00c9CHARGER<\/a><\/strong><\/span><\/p>\n","protected":false},"featured_media":7347,"template":"","meta":{"_et_pb_use_builder":"","_et_pb_old_content":"","_et_gb_content_width":""},"product_brand":[],"product_cat":[216,218],"product_tag":[],"class_list":{"0":"post-7934","1":"product","2":"type-product","3":"status-publish","4":"has-post-thumbnail","6":"product_cat-accessoires-pour-barbecue","7":"product_cat-grils-tromen","8":"product_shipping_class-accesorios","10":"first","11":"instock","12":"taxable","13":"shipping-taxable","14":"purchasable","15":"product-type-simple"},"_links":{"self":[{"href":"https:\/\/barbacoas-argentinas.com\/fr\/wp-json\/wp\/v2\/product\/7934","targetHints":{"allow":["GET"]}}],"collection":[{"href":"https:\/\/barbacoas-argentinas.com\/fr\/wp-json\/wp\/v2\/product"}],"about":[{"href":"https:\/\/barbacoas-argentinas.com\/fr\/wp-json\/wp\/v2\/types\/product"}],"wp:featuredmedia":[{"embeddable":true,"href":"https:\/\/barbacoas-argentinas.com\/fr\/wp-json\/wp\/v2\/media\/7347"}],"wp:attachment":[{"href":"https:\/\/barbacoas-argentinas.com\/fr\/wp-json\/wp\/v2\/media?parent=7934"}],"wp:term":[{"taxonomy":"product_brand","embeddable":true,"href":"https:\/\/barbacoas-argentinas.com\/fr\/wp-json\/wp\/v2\/product_brand?post=7934"},{"taxonomy":"product_cat","embeddable":true,"href":"https:\/\/barbacoas-argentinas.com\/fr\/wp-json\/wp\/v2\/product_cat?post=7934"},{"taxonomy":"product_tag","embeddable":true,"href":"https:\/\/barbacoas-argentinas.com\/fr\/wp-json\/wp\/v2\/product_tag?post=7934"}],"curies":[{"name":"wp","href":"https:\/\/api.w.org\/{rel}","templated":true}]}}