{"id":7926,"date":"2024-12-16T17:18:54","date_gmt":"2024-12-16T17:18:54","guid":{"rendered":"https:\/\/barbacoas-argentinas.com\/non%20class\u00e9\/kit-gourmet-tromen\/"},"modified":"2026-02-20T16:48:29","modified_gmt":"2026-02-20T16:48:29","slug":"kit-gourmet-tromen","status":"publish","type":"product","link":"https:\/\/barbacoas-argentinas.com\/fr\/grills-et-fours-tromen\/kit-gourmet-tromen\/","title":{"rendered":"Kit Gourmet Tromen"},"content":{"rendered":"<div class=\"image-container\"><img decoding=\"async\" class=\"responsive-image aligncenter\" src=\"https:\/\/barbacoas-argentinas.com\/wp-content\/uploads\/2024\/12\/kit-accesorios-gourmet-tromen.webp\" alt=\"Image d'exemple\"><\/div>\n<div><\/div>\n<div>\n<p><span style=\"color: #0f1115;\"><span style=\"font-family: quote-cjk-patch, Inter, system-ui, apple-system, BlinkMacSystemFont, Segoe UI, Roboto, Oxygen, Ubuntu, Cantarell, Open Sans, Helvetica Neue, sans-serif;\"><span style=\"font-size: medium;\"><strong><span style=\"font-family: Open Sans, sans-serif;\"><b>Kit d&rsquo;Outils Essentiels pour Barbecue<\/b><\/span><\/strong><\/span><\/span><\/span><\/p>\n<p><span style=\"color: #0f1115;\"><span style=\"font-family: Open Sans, sans-serif;\"><span style=\"font-size: medium;\">Prenez le contr\u00f4le total de votre gril avec ce kit complet con\u00e7u pour couvrir toutes les \u00e9tapes de la cuisson au barbecue : de l&rsquo;allumage au nettoyage.<\/span><\/span><\/span><\/p>\n<p><strong><span style=\"color: #0f1115;\"><span style=\"font-family: Open Sans, sans-serif;\"><span style=\"font-size: medium;\"><b>Il comprend :<\/b><\/span><\/span><\/span><\/strong><\/p>\n<ul>\n<li>Une pelle : Id\u00e9ale pour d\u00e9placer les braises et manipuler le charbon en toute s\u00e9curit\u00e9.<\/li>\n<li>Un tisonnier ou attise-feu : Parfait pour raviver les flammes et maintenir une temp\u00e9rature constante.<\/li>\n<li>Une gratte pour nettoyer la grille : \u00c9limine sans effort les r\u00e9sidus d&rsquo;aliments et les cendres.<\/li>\n<li><strong><span style=\"color: #0f1115;\"><span style=\"font-family: Open Sans, sans-serif;\"><span style=\"font-size: medium;\">Un support mural :<\/span><\/span><\/span><\/strong> <span style=\"color: #0f1115;\"><span style=\"font-family: Open Sans, sans-serif;\"><span style=\"font-size: medium;\">Gardez tout votre mat\u00e9riel bien rang\u00e9 et \u00e0 port\u00e9e de main, que ce soit sur votre barbecue ou dans votre cuisine.<\/span><\/span><\/span><\/li>\n<\/ul>\n<p><strong><span style=\"color: #0f1115;\"><span style=\"font-family: Open Sans, sans-serif;\"><span style=\"font-size: medium;\"><b>Fabriqu\u00e9 en t\u00f4le r\u00e9sistante \u00e0 la chaleur avec des manches en bois ergonomiques,<\/b><\/span><\/span><\/span><\/strong><span style=\"color: #0f1115;\"><span style=\"font-family: Open Sans, sans-serif;\"><span style=\"font-size: medium;\"> ce kit offre une prise en main confortable et s\u00e9curis\u00e9e, prot\u00e9geant vos mains pendant toute la cuisson.<\/span><\/span><\/span><\/p>\n<p><span style=\"color: #0f1115;\"><span style=\"font-family: Open Sans, sans-serif;\"><span style=\"font-size: medium;\">Son design robuste et fonctionnel ne se contente pas de faciliter chaque \u00e9tape de la grillade ; il apporte aussi une touche professionnelle \u00e0 votre espace ext\u00e9rieur, en gardant tout bien organis\u00e9 et toujours accessible.<\/span><\/span><\/span><\/p>\n<\/div>\n<div><\/div>\n<div><\/div>\n<div><\/div>\n<div style=\"display: flex; justify-content: center;\">\n<div><\/div>\n<div><\/div>\n<div style=\"width: 600px !important; height: 400px !important; overflow: hidden;\"><iframe style=\"width: 600px !important; height: 400px !important; border: 0;\" src=\"https:\/\/www.youtube.com\/embed\/VAWp6JOwqJk?autoplay=1&amp;start=1&amp;end=45&amp;loop=1&amp;playlist=VAWp6JOwqJk&amp;mute=1\" allowfullscreen=\"allowfullscreen\"><br \/>\n<\/iframe><\/div>\n<\/div>\n<p>&nbsp;<\/p>\n","protected":false},"excerpt":{"rendered":"<div class=\"col-md-4 col-12 column-title\">\n<p class=\"text-red\"><span style=\"font-size: 14pt; color: #000000;\"><strong>Caract\u00e9ristiques<\/strong><\/span><\/p>\n<\/div>\n<div class=\"col-md-8 col-12 column-info\">\n<ul class=\"caracteristicas\">\n<li><span style=\"color: #000000;\">Pelle \u00e0 barbecue<\/span><\/li>\n<li><span style=\"color: #000000;\">Tisonnier \/ attise-feu<\/span><\/li>\n<li><span style=\"color: #000000;\">Brosse de nettoyage pour grille<\/span><\/li>\n<li><span style=\"color: #000000;\">Accessoire d&rsquo;accrochage<\/span><\/li>\n<\/ul>\n<p><span style=\"color: #000000;\">Manuel d&rsquo;instructions <\/span><a href=\"https:\/\/barbacoas-argentinas.com\/wp-content\/uploads\/2024\/12\/Manual-usuario-Kit-Gourmet.pdf\" target=\"_blank\" rel=\"noopener\">T\u00c9L\u00c9CHARGER<\/a><\/p>\n<\/div>\n","protected":false},"featured_media":7431,"template":"","meta":{"_et_pb_use_builder":"","_et_pb_old_content":"","_et_gb_content_width":""},"product_brand":[],"product_cat":[216,233,217,232,234,218],"product_tag":[],"class_list":{"0":"post-7926","1":"product","2":"type-product","3":"status-publish","4":"has-post-thumbnail","6":"product_cat-accessoires-pour-barbecue","7":"product_cat-barbecues-portatifs","8":"product_cat-duomos-fr","9":"product_cat-grills-binelli","10":"product_cat-grills-et-fours-tromen","11":"product_cat-grils-tromen","12":"product_shipping_class-palas","14":"first","15":"instock","16":"taxable","17":"shipping-taxable","18":"purchasable","19":"product-type-simple"},"_links":{"self":[{"href":"https:\/\/barbacoas-argentinas.com\/fr\/wp-json\/wp\/v2\/product\/7926","targetHints":{"allow":["GET"]}}],"collection":[{"href":"https:\/\/barbacoas-argentinas.com\/fr\/wp-json\/wp\/v2\/product"}],"about":[{"href":"https:\/\/barbacoas-argentinas.com\/fr\/wp-json\/wp\/v2\/types\/product"}],"wp:featuredmedia":[{"embeddable":true,"href":"https:\/\/barbacoas-argentinas.com\/fr\/wp-json\/wp\/v2\/media\/7431"}],"wp:attachment":[{"href":"https:\/\/barbacoas-argentinas.com\/fr\/wp-json\/wp\/v2\/media?parent=7926"}],"wp:term":[{"taxonomy":"product_brand","embeddable":true,"href":"https:\/\/barbacoas-argentinas.com\/fr\/wp-json\/wp\/v2\/product_brand?post=7926"},{"taxonomy":"product_cat","embeddable":true,"href":"https:\/\/barbacoas-argentinas.com\/fr\/wp-json\/wp\/v2\/product_cat?post=7926"},{"taxonomy":"product_tag","embeddable":true,"href":"https:\/\/barbacoas-argentinas.com\/fr\/wp-json\/wp\/v2\/product_tag?post=7926"}],"curies":[{"name":"wp","href":"https:\/\/api.w.org\/{rel}","templated":true}]}}