{"id":10435,"date":"2026-02-27T09:10:31","date_gmt":"2026-02-27T09:10:31","guid":{"rendered":"https:\/\/barbacoas-argentinas.com\/non class\u00e9\/duomo-800-tromen\/"},"modified":"2026-02-27T09:10:31","modified_gmt":"2026-02-27T09:10:31","slug":"duomo-800-tromen","status":"publish","type":"product","link":"https:\/\/barbacoas-argentinas.com\/fr\/duomos-fr\/duomo-800-tromen\/","title":{"rendered":"Duomo 800 Tromen"},"content":{"rendered":"<div class=\"col-md-4 col-12 column-title\">\n<p class=\"text-red\"><span style=\"font-size: 14pt;\"><strong><span style=\"color: #000000;\">Caract\u00e9ristiques<\/span><\/strong><\/span><\/p>\n<\/div>\n<div class=\"col-md-8 col-12 column-info\">\n<ul class=\"caracteristicas\">\n<li><span style=\"font-size: 12pt; color: #000000;\">Grille \u00e9maill\u00e9e amovible.<\/span><\/li>\n<li><span style=\"font-size: 12pt; color: #000000;\">Pieds embo\u00eetables faciles \u00e0 assembler.<\/span><\/li>\n<li><span style=\"font-size: 12pt; color: #000000;\">Crochet \u00e0 viande avec support r\u00e9glable.<\/span><\/li>\n<li><span style=\"font-size: 12pt; color: #000000;\">La peinture du produit assure une protection partielle pendant l&#8217;emballage et le stockage. Il est tout \u00e0 fait normal qu&rsquo;elle s&rsquo;estompe lors des premi\u00e8res utilisations en raison de l&rsquo;exposition directe au feu, ce qui n&rsquo;affecte ni son fonctionnement ni sa s\u00e9curit\u00e9. <\/span><\/li>\n<\/ul>\n<p>&nbsp;<\/p>\n<div style=\"display: flex; justify-content: center;\">\n<div style=\"width: 600px !important; height: 400px !important; overflow: hidden;\"><iframe style=\"width: 600px !important; height: 400px !important; border: 0;\" src=\"https:\/\/www.youtube.com\/embed\/RR9x3gdZ3hw?autoplay=1&amp;start=1&amp;end=45&amp;loop=1&amp;playlist=RR9x3gdZ3hw&amp;mute=1\" allowfullscreen=\"allowfullscreen\"><span data-mce-type=\"bookmark\" style=\"display: inline-block; width: 0px; overflow: hidden; line-height: 0;\" class=\"mce_SELRES_start\"><\/span><span data-mce-type=\"bookmark\" style=\"display: inline-block; width: 0px; overflow: hidden; line-height: 0;\" class=\"mce_SELRES_start\"><\/span><br \/>\n<\/iframe><\/div>\n<\/div>\n<\/div>\n","protected":false},"excerpt":{"rendered":"<div class=\"col-md-4 col-12 column-title\">\n<p><span style=\"font-size: 12pt; color: #000000;\">Id\u00e9ale pour profiter de grands moments en plein air. Parfaite pour les barbecues, pour cuisiner ou pour partager un bon moment entre amis et en famille. Faites de votre jardin le c\u0153ur de toutes vos r\u00e9unions !  <\/span><\/p>\n<p class=\"text-red\"><span style=\"color: #008080;\"><strong><span style=\"font-size: 14pt;\">Dimensions<\/span><\/strong><\/span><\/p>\n<\/div>\n<div class=\"col-md-8 col-12 column-info\">\n<p class=\"column-info-title\"><strong>LARGEUR 80 cm<br \/>\nHAUTEUR 40 cm<br \/>\nPROFONDEUR 80 cm<br \/>\nPOIDS 29 kg<\/strong><\/p>\n<p><span style=\"color: #000000;\"><strong>Notice <\/strong><\/span><a href=\"https:\/\/barbacoas-argentinas.com\/wp-content\/uploads\/2026\/02\/94-002-277-MNL-DUOMO-800-.pdf\" target=\"_blank\" rel=\"noopener\">T\u00c9L\u00c9CHARGER<\/a><\/p>\n<\/div>\n<div class=\"col-md-8 col-12 column-info\"><span style=\"color: #000000;\"><strong>Fiche Technique<\/strong><\/span> <a href=\"https:\/\/barbacoas-argentinas.com\/wp-content\/uploads\/2026\/02\/Tromen-Fogonero-800-Ficha-Tecnica.pdf\" target=\"_blank\" rel=\"noopener\">T\u00c9L\u00c9CHARGER<\/a><\/div>\n","protected":false},"featured_media":10391,"template":"","meta":{"_et_pb_use_builder":"","_et_pb_old_content":"","_et_gb_content_width":""},"product_brand":[],"product_cat":[217],"product_tag":[282],"class_list":{"0":"post-10435","1":"product","2":"type-product","3":"status-publish","4":"has-post-thumbnail","6":"product_cat-duomos-fr","7":"product_tag-tromen-fr","8":"product_shipping_class-tromen-rotissoires","10":"first","11":"instock","12":"sale","13":"taxable","14":"shipping-taxable","15":"purchasable","16":"product-type-simple"},"_links":{"self":[{"href":"https:\/\/barbacoas-argentinas.com\/fr\/wp-json\/wp\/v2\/product\/10435","targetHints":{"allow":["GET"]}}],"collection":[{"href":"https:\/\/barbacoas-argentinas.com\/fr\/wp-json\/wp\/v2\/product"}],"about":[{"href":"https:\/\/barbacoas-argentinas.com\/fr\/wp-json\/wp\/v2\/types\/product"}],"wp:featuredmedia":[{"embeddable":true,"href":"https:\/\/barbacoas-argentinas.com\/fr\/wp-json\/wp\/v2\/media\/10391"}],"wp:attachment":[{"href":"https:\/\/barbacoas-argentinas.com\/fr\/wp-json\/wp\/v2\/media?parent=10435"}],"wp:term":[{"taxonomy":"product_brand","embeddable":true,"href":"https:\/\/barbacoas-argentinas.com\/fr\/wp-json\/wp\/v2\/product_brand?post=10435"},{"taxonomy":"product_cat","embeddable":true,"href":"https:\/\/barbacoas-argentinas.com\/fr\/wp-json\/wp\/v2\/product_cat?post=10435"},{"taxonomy":"product_tag","embeddable":true,"href":"https:\/\/barbacoas-argentinas.com\/fr\/wp-json\/wp\/v2\/product_tag?post=10435"}],"curies":[{"name":"wp","href":"https:\/\/api.w.org\/{rel}","templated":true}]}}