{"id":10429,"date":"2026-02-27T09:14:54","date_gmt":"2026-02-27T09:14:54","guid":{"rendered":"https:\/\/barbacoas-argentinas.com\/non%20class\u00e9\/duomo-650-tromen\/"},"modified":"2026-04-13T14:39:53","modified_gmt":"2026-04-13T14:39:53","slug":"duomo-650-tromen","status":"publish","type":"product","link":"https:\/\/barbacoas-argentinas.com\/fr\/grills-portables-les-plus-vendus\/duomo-650-tromen\/","title":{"rendered":"Duomo 650 Tromen"},"content":{"rendered":"<div class=\"col-md-4 col-12 column-title\">\n<p class=\"text-red\"><span style=\"font-size: 14pt;\"><strong><span style=\"color: #000000;\">Caract\u00e9ristiques du Duomo 650 Tromen<\/span><\/strong><\/span><\/p>\n<\/div>\n<div class=\"col-md-8 col-12 column-info\">\n<ul class=\"caracteristicas\">\n<li><span style=\"color: #000000; font-size: 12pt;\">Grille \u00e9maill\u00e9e amovible.<\/span><\/li>\n<li><span style=\"color: #000000; font-size: 12pt;\">Pieds embo\u00eetables faciles \u00e0 assembler.<\/span><\/li>\n<li><span style=\"color: #000000; font-size: 12pt;\">Crochet \u00e0 viande avec support r\u00e9glable.<\/span><\/li>\n<li><span style=\"color: #000000; font-size: 12pt;\">La peinture du produit assure une protection partielle pendant l&#8217;emballage et le stockage. Il est tout \u00e0 fait normal qu&rsquo;elle s&rsquo;estompe lors des premi\u00e8res utilisations en raison de l&rsquo;exposition directe au feu, ce qui n&rsquo;affecte ni son fonctionnement ni sa s\u00e9curit\u00e9. <\/span><\/li>\n<\/ul>\n<p>&nbsp;<\/p>\n<div style=\"display: flex; justify-content: center;\">\n<div style=\"width: 600px !important; height: 400px !important; overflow: hidden;\"><iframe style=\"width: 600px !important; height: 400px !important; border: 0;\" src=\"https:\/\/www.youtube.com\/embed\/QIko7AUcXF8?autoplay=1&amp;start=1&amp;end=45&amp;loop=1&amp;playlist=QIko7AUcXF8&amp;mute=1\" allowfullscreen=\"allowfullscreen\"><span data-mce-type=\"bookmark\" style=\"display: inline-block; width: 0px; overflow: hidden; line-height: 0;\" class=\"mce_SELRES_start\"><\/span><br \/>\n<\/iframe><\/div>\n<\/div>\n<\/div>\n","protected":false},"excerpt":{"rendered":"<div class=\"row\">\n<div class=\"col-md-4 col-12 column-title\">\n<p><span style=\"font-size: 12pt; color: #000000;\">Id\u00e9al pour pr\u00e9parer des grillades en plein air et partager des moments uniques.<br \/>\n<\/span><span style=\"font-size: 12pt; color: #000000;\">Transformez votre jardin en l&rsquo;endroit parfait pour vos r\u00e9unions entre amis.<\/span><\/p>\n<p class=\"text-red\"><span style=\"color: #008080;\"><strong><span style=\"font-size: 14pt;\">Dimensions<\/span><\/strong><\/span><\/p>\n<\/div>\n<div class=\"col-md-8 col-12 column-info\">\n<p class=\"column-info-title\"><span style=\"color: #000000; font-size: 12pt;\"><strong>\u00b7 LARGEUR 65 cm<\/strong><\/span><br \/>\n<span style=\"color: #000000; font-size: 12pt;\"><strong>\u00b7 HAUTEUR 41 cm<\/strong><\/span><br \/>\n<span style=\"color: #000000; font-size: 12pt;\"><strong>\u00b7 PROFONDEUR 65 cm<\/strong><\/span><br \/>\n<span style=\"color: #000000; font-size: 12pt;\"><strong>\u00b7 POIDS 23 kg<\/strong><\/span><\/p>\n<\/div>\n<p>&nbsp;<\/p>\n<p><strong>Notice <a href=\"https:\/\/barbacoas-argentinas.com\/wp-content\/uploads\/2026\/02\/DUOMO-650-tromen.pdf\" target=\"_blank\" rel=\"noopener\">T\u00c9L\u00c9CHARGER<\/a><\/strong><\/p>\n<p><strong>Fiche Technique <span style=\"color: #000000;\"><a href=\"https:\/\/barbacoas-argentinas.com\/wp-content\/uploads\/2026\/02\/Tromen-duomo-650-Ficha-Tecnica.pdf\" target=\"_blank\" rel=\"noopener\">T\u00c9L\u00c9CHARGER<\/a><\/span> <\/strong><\/p>\n<p>&nbsp;<\/p>\n<\/div>\n","protected":false},"featured_media":10335,"template":"","meta":{"_et_pb_use_builder":"","_et_pb_old_content":"","_et_gb_content_width":""},"product_brand":[],"product_cat":[217,263],"product_tag":[282],"class_list":{"0":"post-10429","1":"product","2":"type-product","3":"status-publish","4":"has-post-thumbnail","6":"product_cat-duomos-fr","7":"product_cat-grills-portables-les-plus-vendus","8":"product_tag-tromen-fr","9":"product_shipping_class-tromen-rotissoires","11":"first","12":"instock","13":"sale","14":"taxable","15":"shipping-taxable","16":"purchasable","17":"product-type-simple"},"_links":{"self":[{"href":"https:\/\/barbacoas-argentinas.com\/fr\/wp-json\/wp\/v2\/product\/10429","targetHints":{"allow":["GET"]}}],"collection":[{"href":"https:\/\/barbacoas-argentinas.com\/fr\/wp-json\/wp\/v2\/product"}],"about":[{"href":"https:\/\/barbacoas-argentinas.com\/fr\/wp-json\/wp\/v2\/types\/product"}],"wp:featuredmedia":[{"embeddable":true,"href":"https:\/\/barbacoas-argentinas.com\/fr\/wp-json\/wp\/v2\/media\/10335"}],"wp:attachment":[{"href":"https:\/\/barbacoas-argentinas.com\/fr\/wp-json\/wp\/v2\/media?parent=10429"}],"wp:term":[{"taxonomy":"product_brand","embeddable":true,"href":"https:\/\/barbacoas-argentinas.com\/fr\/wp-json\/wp\/v2\/product_brand?post=10429"},{"taxonomy":"product_cat","embeddable":true,"href":"https:\/\/barbacoas-argentinas.com\/fr\/wp-json\/wp\/v2\/product_cat?post=10429"},{"taxonomy":"product_tag","embeddable":true,"href":"https:\/\/barbacoas-argentinas.com\/fr\/wp-json\/wp\/v2\/product_tag?post=10429"}],"curies":[{"name":"wp","href":"https:\/\/api.w.org\/{rel}","templated":true}]}}