{"id":10425,"date":"2026-02-27T09:27:40","date_gmt":"2026-02-27T09:27:40","guid":{"rendered":"https:\/\/barbacoas-argentinas.com\/non%20class\u00e9\/pelle-et-tisonnier-pour-barbecue-tromen\/"},"modified":"2026-03-28T11:19:15","modified_gmt":"2026-03-28T11:19:15","slug":"pelle-et-tisonnier-pour-barbecue-tromen","status":"publish","type":"product","link":"https:\/\/barbacoas-argentinas.com\/fr\/accessoires-pour-barbecue\/pelle-et-tisonnier-pour-barbecue-tromen\/","title":{"rendered":"Pelle et tisonnier pour barbecue Tromen"},"content":{"rendered":"<p><strong>La pelle et le tisonnier pour barbecue Tromen<\/strong><span style=\"color: #000000; font-size: 12pt;\">, sont des outils essentiels et robustes pour d\u00e9placer les braises et manipuler les aliments sur votre gril. <strong>Leur manche <\/strong>en bois ergonomique garantit un confort d&rsquo;utilisation, tandis que le fer forg\u00e9 assure durabilit\u00e9 et r\u00e9sistance \u00e0 la chaleur. Le bord plat ou l\u00e9g\u00e8rement incurv\u00e9 permet de soulever et de d\u00e9placer facilement les braises ou les aliments. <\/span><\/p>\n<p>&nbsp;<\/p>\n<div class=\"image-container\"><img decoding=\"async\" class=\"responsive-image aligncenter\" src=\"https:\/\/barbacoas-argentinas.com\/wp-content\/uploads\/2026\/02\/pala-y-atizador-parrilla-tromen.avif\" alt=\"Image d'exemple\" width=\"600\" height=\"\" \/><\/div>\n<p>&nbsp;<\/p>\n","protected":false},"excerpt":{"rendered":"<p><span style=\"font-size: 12pt; color: #000000;\">Outils essentiels<\/span> <span style=\"font-size: 12pt; color: #000000;\">pour d\u00e9placer les braises et manipuler les aliments sur votre barbecue, con\u00e7us avec la qualit\u00e9 Tromen pour offrir un grand confort.<\/span><\/p>\n<p><span style=\"font-size: 14pt; color: #008080;\"><strong>Dimensions<\/strong><\/span><\/p>\n<p><strong><span style=\"font-size: 12pt; color: #000000;\">Pelle Tromen <\/span><\/strong><br \/>\n<span style=\"color: #000000;\">69 cm de longueur x 17 cm de largeur x 15 cm de profondeur<\/span><\/p>\n<p><strong>Tisonnier Tromen<\/strong><br \/>\n<span style=\"color: #000000;\">65 cm de longueur<\/span><\/p>\n<p><span style=\"color: #008080;\"><span style=\"font-size: 14pt;\">Caract\u00e9ristiques<\/span><\/span><br \/>\n<strong><span style=\"color: #000000; font-size: 12pt;\">\u00b7 Manche en bois ergonomique<\/span><\/strong><\/p>\n","protected":false},"featured_media":10291,"template":"","meta":{"_et_pb_use_builder":"","_et_pb_old_content":"","_et_gb_content_width":""},"product_brand":[],"product_cat":[216],"product_tag":[282],"class_list":{"0":"post-10425","1":"product","2":"type-product","3":"status-publish","4":"has-post-thumbnail","6":"product_cat-accessoires-pour-barbecue","7":"product_tag-tromen-fr","8":"product_shipping_class-palas","10":"first","11":"instock","12":"taxable","13":"shipping-taxable","14":"purchasable","15":"product-type-simple"},"_links":{"self":[{"href":"https:\/\/barbacoas-argentinas.com\/fr\/wp-json\/wp\/v2\/product\/10425","targetHints":{"allow":["GET"]}}],"collection":[{"href":"https:\/\/barbacoas-argentinas.com\/fr\/wp-json\/wp\/v2\/product"}],"about":[{"href":"https:\/\/barbacoas-argentinas.com\/fr\/wp-json\/wp\/v2\/types\/product"}],"wp:featuredmedia":[{"embeddable":true,"href":"https:\/\/barbacoas-argentinas.com\/fr\/wp-json\/wp\/v2\/media\/10291"}],"wp:attachment":[{"href":"https:\/\/barbacoas-argentinas.com\/fr\/wp-json\/wp\/v2\/media?parent=10425"}],"wp:term":[{"taxonomy":"product_brand","embeddable":true,"href":"https:\/\/barbacoas-argentinas.com\/fr\/wp-json\/wp\/v2\/product_brand?post=10425"},{"taxonomy":"product_cat","embeddable":true,"href":"https:\/\/barbacoas-argentinas.com\/fr\/wp-json\/wp\/v2\/product_cat?post=10425"},{"taxonomy":"product_tag","embeddable":true,"href":"https:\/\/barbacoas-argentinas.com\/fr\/wp-json\/wp\/v2\/product_tag?post=10425"}],"curies":[{"name":"wp","href":"https:\/\/api.w.org\/{rel}","templated":true}]}}