{"id":7603,"date":"2023-10-26T21:34:17","date_gmt":"2023-10-26T21:34:17","guid":{"rendered":"https:\/\/barbacoas-argentinas.com\/acheter-barbecue-a-calpe\/"},"modified":"2025-10-09T22:05:36","modified_gmt":"2025-10-09T22:05:36","slug":"acheter-barbecue-a-calpe","status":"publish","type":"page","link":"https:\/\/barbacoas-argentinas.com\/fr\/acheter-barbecue-a-calpe\/","title":{"rendered":"Acheter Barbecue \u00e0 Calpe"},"content":{"rendered":"<p>[et_pb_section fb_built=\u00a0\u00bb1&Prime; fullwidth=\u00a0\u00bbon\u00a0\u00bb _builder_version=\u00a0\u00bb4.23&Prime; _module_preset=\u00a0\u00bbdefault\u00a0\u00bb bottom_divider_flip=\u00a0\u00bbhorizontal|vertical\u00a0\u00bb global_colors_info=\u00a0\u00bb{}\u00a0\u00bb][et_pb_fullwidth_image src=\u00a0\u00bbhttps:\/\/barbacoas-argentinas.com\/wp-content\/uploads\/2023\/10\/comprar-barbacoa.webp\u00a0\u00bb alt=\u00a0\u00bbAcheter un barbecue \u00e0 Calpe\u00a0\u00bb title_text=\u00a0\u00bbacheter un barbecue\u00a0\u00bb _builder_version=\u00a0\u00bb4.23&Prime; _module_preset=\u00a0\u00bbdefault\u00a0\u00bb global_colors_info=\u00a0\u00bb{}\u00a0\u00bb][\/et_pb_fullwidth_image][\/et_pb_section][et_pb_section fb_built=\u00a0\u00bb1&Prime; _builder_version=\u00a0\u00bb4.23&Prime; width=\u00a0\u00bb100%\u00a0\u00bb module_alignment=\u00a0\u00bbcenter\u00a0\u00bb global_colors_info=\u00a0\u00bb{}\u00a0\u00bb][et_pb_row _builder_version=\u00a0\u00bb4.23&Prime; _module_preset=\u00a0\u00bbdefault\u00a0\u00bb width=\u00a0\u00bb100%\u00a0\u00bb module_alignment=\u00a0\u00bbcenter\u00a0\u00bb custom_margin=\u00a0\u00bb-379px|auto||auto||\u00a0\u00bb global_colors_info=\u00a0\u00bb{}\u00a0\u00bb][et_pb_column type=\u00a0\u00bb4_4&Prime; _builder_version=\u00a0\u00bb4.23&Prime; _module_preset=\u00a0\u00bbdefault\u00a0\u00bb global_colors_info=\u00a0\u00bb{}\u00a0\u00bb][et_pb_text _builder_version=\u00a0\u00bb4.23&Prime; _module_preset=\u00a0\u00bbdefault\u00a0\u00bb header_font=\u00a0\u00bb|800|||||||\u00a0\u00bb header_text_align=\u00a0\u00bbcenter\u00a0\u00bb header_text_color=\u00a0\u00bb#FFFFFF\u00a0\u00bb header_font_size=\u00a0\u00bb79px\u00a0\u00bb custom_margin=\u00a0\u00bb1px|||||\u00a0\u00bb header_text_shadow_style=\u00a0\u00bbpreset2&Prime; header_text_shadow_color=\u00a0\u00bb#000000&Prime; global_colors_info=\u00a0\u00bb{}\u00a0\u00bb]<\/p>\n<h1>Acheter un barbecue \u00e0 Calpe<\/h1>\n<p>[\/et_pb_text][\/et_pb_column][\/et_pb_row][et_pb_row _builder_version=\u00a0\u00bb4.23&Prime; _module_preset=\u00a0\u00bbdefault\u00a0\u00bb width=\u00a0\u00bb95%\u00a0\u00bb custom_margin=\u00a0\u00bb186px|auto||auto||\u00a0\u00bb global_colors_info=\u00a0\u00bb{}\u00a0\u00bb][et_pb_column type=\u00a0\u00bb4_4&Prime; _builder_version=\u00a0\u00bb4.23&Prime; _module_preset=\u00a0\u00bbdefault\u00a0\u00bb global_colors_info=\u00a0\u00bb{}\u00a0\u00bb][et_pb_text _builder_version=\u00a0\u00bb4.23&Prime; _module_preset=\u00a0\u00bbdefault\u00a0\u00bb header_2_font=\u00a0\u00bb|700|||||||\u00a0\u00bb global_colors_info=\u00a0\u00bb{}\u00a0\u00bb]<\/p>\n<h2><a href=\"https:\/\/barbacoas-argentinas.com\/fr\/\" title=\"Barbecues-Argentines\">Barbacoas-Argentinas.com<\/a>, magasin de barbecues \u00e0 Calpe, Alicante, Espagne.<\/h2>\n<p>[\/et_pb_text][et_pb_text _builder_version=\u00a0\u00bb4.23&Prime; _module_preset=\u00a0\u00bbdefault\u00a0\u00bb header_3_font_size=\u00a0\u00bb34px\u00a0\u00bb header_3_letter_spacing=\u00a0\u00bb1px\u00a0\u00bb header_3_line_height=\u00a0\u00bb1.3em\u00a0\u00bb global_colors_info=\u00a0\u00bb{}\u00a0\u00bb]<\/p>\n<h3 class=\"wp-block-heading\">Bienvenue dans notre magasin de <strong>barbecues<\/strong>, l&rsquo;endroit id\u00e9al pour <strong>acheter un barbecue \u00e0 Calpe<\/strong>. Nous sommes sp\u00e9cialis\u00e9s dans les <strong>barbecues encastrables<\/strong> et les <strong>grilles en acier inoxydable<\/strong>, offrant une large gamme de produits pour r\u00e9pondre \u00e0 tous vos besoins en mati\u00e8re de barbecue. <\/h3>\n<p>[\/et_pb_text][et_pb_text _builder_version=\u00a0\u00bb4.23&Prime; _module_preset=\u00a0\u00bbdefault\u00a0\u00bb text_font_size=\u00a0\u00bb21px\u00a0\u00bb global_colors_info=\u00a0\u00bb{}\u00a0\u00bb]<\/p>\n<p>Les <a href=\"https:\/\/barbacoas-argentinas.com\/obra\/\" title=\"barbecues int\u00e9gr\u00e9s\"><br \/>\n  <strong>barbecues encastrables<\/strong><br \/>\n<\/a> sont un excellent choix pour ceux qui recherchent une solution permanente \u00e0 leurs besoins en mati\u00e8re de barbecue. Ces barbecues sont construits \u00e0 partir de mat\u00e9riaux durables tels que la brique et l&rsquo;acier, ce qui les rend r\u00e9sistants aux intemp\u00e9ries. En outre, leur conception permet une excellente r\u00e9tention de la chaleur, ce qui garantit des grillades r\u00e9guli\u00e8res.  <\/p>\n<p><!-- divi:paragraph --><\/p>\n<p>Nos <a href=\"\/?product_cat=parrillas_binelli\" title=\"grilles en acier inoxydable\"><br \/>\n  <strong>grils<\/strong><br \/>\n<\/a> sont un autre choix populaire parmi nos clients. Ils sont r\u00e9put\u00e9s pour leur durabilit\u00e9 et leur facilit\u00e9 de nettoyage. Ils sont r\u00e9sistants \u00e0 la corrosion, ce qui signifie qu&rsquo;ils conserveront leur apparence ann\u00e9e apr\u00e8s ann\u00e9e.  <\/p>\n<p>[\/et_pb_text][\/et_pb_column][\/et_pb_row][et_pb_row column_structure=\u00a0\u00bb1_2,1_2&Prime; _builder_version=\u00a0\u00bb4.23&Prime; _module_preset=\u00a0\u00bbdefault\u00a0\u00bb width=\u00a0\u00bb95%\u00a0\u00bb module_alignment=\u00a0\u00bbcenter\u00a0\u00bb custom_margin=\u00a0\u00bb-22px|auto||auto||\u00a0\u00bb custom_padding=\u00a0\u00bb||0px|||\u00a0\u00bb global_colors_info=\u00a0\u00bb{}\u00a0\u00bb][et_pb_column type=\u00a0\u00bb1_2&Prime; _builder_version=\u00a0\u00bb4.23&Prime; _module_preset=\u00a0\u00bbdefault\u00a0\u00bb global_colors_info=\u00a0\u00bb{}\u00a0\u00bb][et_pb_shop type=\u00a0\u00bbproduct_category\u00a0\u00bb posts_number=\u00a0\u00bb2&Prime; include_categories=\u00a0\u00bb98&Prime; show_name=\u00a0\u00bboff\u00a0\u00bb show_rating=\u00a0\u00bboff\u00a0\u00bb show_sale_badge=\u00a0\u00bboff\u00a0\u00bb _builder_version=\u00a0\u00bb4.23&Prime; _module_preset=\u00a0\u00bbdefault\u00a0\u00bb title_font=\u00a0\u00bb|700|||||||\u00a0\u00bb title_text_align=\u00a0\u00bbcenter\u00a0\u00bb text_orientation=\u00a0\u00bbcenter\u00a0\u00bb module_alignment=\u00a0\u00bbcenter\u00a0\u00bb border_width_all_image=\u00a0\u00bb2px\u00a0\u00bb border_color_all_image=\u00a0\u00bb#00798E\u00a0\u00bb global_colors_info=\u00a0\u00bb{}\u00a0\u00bb][\/et_pb_shop][\/et_pb_column][et_pb_column type=\u00a0\u00bb1_2&Prime; _builder_version=\u00a0\u00bb4.23&Prime; _module_preset=\u00a0\u00bbdefault\u00a0\u00bb global_colors_info=\u00a0\u00bb{}\u00a0\u00bb][et_pb_text _builder_version=\u00a0\u00bb4.23&Prime; _module_preset=\u00a0\u00bbdefault\u00a0\u00bb custom_margin=\u00a0\u00bb-9px|||||\u00a0\u00bb custom_padding=\u00a0\u00bb||1px|||\u00a0\u00bb global_colors_info=\u00a0\u00bb{}\u00a0\u00bb]<\/p>\n<p><!-- divi:paragraph -->Outre nos barbecues encastrables et nos grils en acier inoxydable, nous proposons \u00e9galement toute une s\u00e9rie d&rsquo;autres produits li\u00e9s aux barbecues. Il s&rsquo;agit notamment du <strong>charbon de bois pour barbecue<\/strong>, parfait pour donner \u00e0 vos aliments la saveur fum\u00e9e classique, et des <strong>tiroirs pour barbecue<\/strong>, id\u00e9aux pour ranger vos ustensiles de barbecue. <\/p>\n<p>Nous comprenons \u00e9galement que l&rsquo;allumage d&rsquo;un barbecue peut \u00eatre un d\u00e9fi, en particulier pour les d\u00e9butants. C&rsquo;est pourquoi nos experts sont toujours \u00e0 votre disposition pour vous donner des conseils sur la mani\u00e8re d&rsquo;allumer un barbecue au charbon de bois. <\/p>\n<p><span style=\"font-size: 14px;\">En r\u00e9sum\u00e9, si vous cherchez \u00e0 <\/span><strong style=\"font-size: 14px;\">acheter un barbecue \u00e0 Calpe<\/strong><span style=\"font-size: 14px;\">notre magasin est l&rsquo;endroit id\u00e9al. Nous vous proposons une large gamme de produits, des prix comp\u00e9titifs et un service client\u00e8le exceptionnel. <\/span><\/p>\n<p><!-- \/divi:paragraph --><!-- divi:paragraph --><\/p>\n<p>[\/et_pb_text][\/et_pb_column][\/et_pb_row][et_pb_row _builder_version=\u00a0\u00bb4.23&Prime; _module_preset=\u00a0\u00bbdefault\u00a0\u00bb width=\u00a0\u00bb96%\u00a0\u00bb module_alignment=\u00a0\u00bbcenter\u00a0\u00bb custom_margin=\u00a0\u00bb-27px|auto||auto||\u00a0\u00bb custom_padding=\u00a0\u00bb0px||0px|||\u00a0\u00bb global_colors_info=\u00a0\u00bb{}\u00a0\u00bb][et_pb_column type=\u00a0\u00bb4_4&Prime; _builder_version=\u00a0\u00bb4.23&Prime; _module_preset=\u00a0\u00bbdefault\u00a0\u00bb global_colors_info=\u00a0\u00bb{}\u00a0\u00bb][et_pb_image src=\u00a0\u00bbhttps:\/\/barbacoas-argentinas.com\/wp-content\/uploads\/2024\/08\/Scalapay_banner-online_leaderboard_970x90_ES_04@2x-1920&#215;178-1.webp\u00a0\u00bb alt=\u00a0\u00bbScalapay_banner-square\u00a0\u00bb title_text=\u00a0\u00bbScalapay_banner-square-travel-1080x1080_ES_04@2x-1920&#215;1920&Prime; align=\u00a0\u00bbcenter\u00a0\u00bb _builder_version=\u00a0\u00bb4.25.1&Prime; _module_preset=\u00a0\u00bbdefault\u00a0\u00bb custom_margin=\u00a0\u00bb||0px|||\u00a0\u00bb hover_enabled=\u00a0\u00bb0&Prime; global_colors_info=\u00a0\u00bb{}\u00a0\u00bb src_last_edited=\u00a0\u00bbon|phone\u00a0\u00bb sticky_enabled=\u00a0\u00bb0&Prime; src_phone=\u00a0\u00bbhttps:\/\/barbacoas-argentinas.com\/wp-content\/uploads\/2024\/08\/Scalapay_banner-square-travel-1080x1080_ES_04@2x-1920&#215;1920-1.webp\u00a0\u00bb src_tablet=\u00a0\u00bbhttps:\/\/barbacoas-argentinas.com\/wp-content\/uploads\/2024\/08\/Scalapay_banner-online_leaderboard_970x90_ES_04@2x-1920&#215;178-1.webp\u00a0\u00bb][\/et_pb_image][et_pb_cta title=\u00a0\u00bbFinancez votre Barbecue jusqu&apos;\u00e0 12 mois sans int\u00e9r\u00eat !\u00a0\u00bb button_url=\u00a0\u00bbhttps:\/\/barbacoas-argentinas.com\/fr\/financement-sur-mesure\/\u00a0\u00bb url_new_window=\u00a0\u00bbon\u00a0\u00bb button_text=\u00a0\u00bbJe souhaite obtenir plus d&#039;informations\u00a0\u00bb _builder_version=\u00a0\u00bb4.23&Prime; _module_preset=\u00a0\u00bbdefault\u00a0\u00bb header_font=\u00a0\u00bb|700|||||||\u00a0\u00bb header_text_color=\u00a0\u00bb#000000&Prime; body_font=\u00a0\u00bb|600|||||||\u00a0\u00bb body_text_align=\u00a0\u00bbcenter\u00a0\u00bb body_text_color=\u00a0\u00bb#000000&Prime; background_enable_color=\u00a0\u00bboff\u00a0\u00bb custom_padding=\u00a0\u00bb15px||5px|||\u00a0\u00bb global_colors_info=\u00a0\u00bb{}\u00a0\u00bb]<\/p>\n<p><span>Achetez maintenant et payez plus tard. Que ce soit dans un magasin physique ou en ligne, votre carte sera d\u00e9bit\u00e9e chaque mois. Personnalisez vos paiements et ne vous imposez aucune limite pour r\u00e9aliser vos souhaits.  <\/span><\/p>\n<p>[\/et_pb_cta][\/et_pb_column][\/et_pb_row][et_pb_row _builder_version=\u00a0\u00bb4.23&Prime; _module_preset=\u00a0\u00bbdefault\u00a0\u00bb width=\u00a0\u00bb95%\u00a0\u00bb module_alignment=\u00a0\u00bbcenter\u00a0\u00bb custom_padding=\u00a0\u00bb10px||0px|||\u00a0\u00bb global_colors_info=\u00a0\u00bb{}\u00a0\u00bb][et_pb_column type=\u00a0\u00bb4_4&Prime; _builder_version=\u00a0\u00bb4.23&Prime; _module_preset=\u00a0\u00bbdefault\u00a0\u00bb global_colors_info=\u00a0\u00bb{}\u00a0\u00bb][et_pb_text _builder_version=\u00a0\u00bb4.23&Prime; _module_preset=\u00a0\u00bbdefault\u00a0\u00bb header_2_font=\u00a0\u00bb|700|||||||\u00a0\u00bb global_colors_info=\u00a0\u00bb{}\u00a0\u00bb]<\/p>\n<h2 class=\"wp-block-heading\">10 raisons d&rsquo;acheter un barbecue \u00e0 Calpe aujourd&rsquo;hui<\/h2>\n<p>[\/et_pb_text][\/et_pb_column][\/et_pb_row][et_pb_row column_structure=\u00a0\u00bb1_2,1_2&Prime; _builder_version=\u00a0\u00bb4.23&Prime; _module_preset=\u00a0\u00bbdefault\u00a0\u00bb width=\u00a0\u00bb95%\u00a0\u00bb width_tablet=\u00a0\u00bb95%\u00a0\u00bb width_phone=\u00a0\u00bb95%\u00a0\u00bb width_last_edited=\u00a0\u00bbon|phone\u00a0\u00bb global_colors_info=\u00a0\u00bb{}\u00a0\u00bb][et_pb_column type=\u00a0\u00bb1_2&Prime; _builder_version=\u00a0\u00bb4.23&Prime; _module_preset=\u00a0\u00bbdefault\u00a0\u00bb global_colors_info=\u00a0\u00bb{}\u00a0\u00bb custom_css_main_element_last_edited=\u00a0\u00bbon|phone\u00a0\u00bb custom_css_main_element_tablet=\u00a0\u00bbwidth: 50% ! important;\u00a0\u00bb custom_css_main_element_phone=\u00a0\u00bbwidth: 100% ! important;\u00a0\u00bb][et_pb_text _builder_version=\u00a0\u00bb4.23&Prime; _module_preset=\u00a0\u00bbdefault\u00a0\u00bb text_font_size=\u00a0\u00bb18px\u00a0\u00bb text_letter_spacing=\u00a0\u00bb1px\u00a0\u00bb text_line_height=\u00a0\u00bb1.8em\u00a0\u00bb custom_padding=\u00a0\u00bb19px|||||\u00a0\u00bb global_colors_info=\u00a0\u00bb{}\u00a0\u00bb]<!-- divi:paragraph --><\/p>\n<p>Si vous cherchez \u00e0 <strong>acheter un barbecue \u00e0 Calpe<\/strong>, vous \u00eates au bon endroit. Notre magasin de barbecues offre un large \u00e9ventail d&rsquo;options, des barbecues au charbon de bois aux grilles en acier inoxydable. Voici dix raisons pour lesquelles vous devriez envisager d&rsquo;acheter votre prochain barbecue chez nous.  <\/p>\n<p>[\/et_pb_text][\/et_pb_column][et_pb_column type=\u00a0\u00bb1_2&Prime; _builder_version=\u00a0\u00bb4.23&Prime; _module_preset=\u00a0\u00bbdefault\u00a0\u00bb global_colors_info=\u00a0\u00bb{}\u00a0\u00bb custom_css_main_element_last_edited=\u00a0\u00bbon|phone\u00a0\u00bb custom_css_main_element_tablet=\u00a0\u00bbwidth: 50% ! important;\u00a0\u00bb custom_css_main_element_phone=\u00a0\u00bbwidth: 100% ! important;\u00a0\u00bb][et_pb_image src=\u00a0\u00bbhttps:\/\/barbacoas-argentinas.com\/wp-content\/uploads\/2023\/09\/tienda_barbacoas_argentinas.webp\u00a0\u00bb alt=\u00a0\u00bbMagasin de barbecues argentins\u00a0\u00bb title_text=\u00a0\u00bbboutique_barbecue_argentin\u00a0\u00bb disabled_on=\u00a0\u00bbon|on|off\u00a0\u00bb _builder_version=\u00a0\u00bb4.23&Prime; _module_preset=\u00a0\u00bbdefault\u00a0\u00bb custom_padding=\u00a0\u00bb|53px||145px||\u00a0\u00bb global_colors_info=\u00a0\u00bb{}\u00a0\u00bb][\/et_pb_image][et_pb_image src=\u00a0\u00bbhttps:\/\/barbacoas-argentinas.com\/wp-content\/uploads\/2023\/09\/tienda_barbacoas_argentinas.webp\u00a0\u00bb alt=\u00a0\u00bbMagasin de barbecues argentins\u00a0\u00bb title_text=\u00a0\u00bbboutique_barbecue_argentin\u00a0\u00bb disabled_on=\u00a0\u00bboff|on|on\u00a0\u00bb _builder_version=\u00a0\u00bb4.23&Prime; _module_preset=\u00a0\u00bbdefault\u00a0\u00bb custom_padding=\u00a0\u00bb|0px||4px||\u00a0\u00bb global_colors_info=\u00a0\u00bb{}\u00a0\u00bb][\/et_pb_image][\/et_pb_column][\/et_pb_row][et_pb_row _builder_version=\u00a0\u00bb4.23&Prime; _module_preset=\u00a0\u00bbdefault\u00a0\u00bb width=\u00a0\u00bb95%\u00a0\u00bb module_alignment=\u00a0\u00bbcenter\u00a0\u00bb global_colors_info=\u00a0\u00bb{}\u00a0\u00bb][et_pb_column type=\u00a0\u00bb4_4&Prime; _builder_version=\u00a0\u00bb4.23&Prime; _module_preset=\u00a0\u00bbdefault\u00a0\u00bb global_colors_info=\u00a0\u00bb{}\u00a0\u00bb][et_pb_text _builder_version=\u00a0\u00bb4.23&Prime; _module_preset=\u00a0\u00bbdefault\u00a0\u00bb text_font_size=\u00a0\u00bb17px\u00a0\u00bb text_letter_spacing=\u00a0\u00bb1px\u00a0\u00bb text_line_height=\u00a0\u00bb1.8em\u00a0\u00bb header_3_font=\u00a0\u00bb|700|||||||\u00a0\u00bb global_colors_info=\u00a0\u00bb{}\u00a0\u00bb]<\/p>\n<h3 class=\"wp-block-heading\">1. une large gamme de barbecues<\/h3>\n<p><!-- \/divi:heading --><\/p>\n<p>Nous proposons une large gamme de <strong>barbecues<\/strong>, y compris des barbecues au charbon de bois, des barbecues portables et des barbecues modernes encastrables. Nous proposons \u00e9galement des bo\u00eetes \u00e0 barbecue et des grilles en acier inoxydable. <\/p>\n<p><!-- divi:paragraph --><\/p>\n<p>[\/et_pb_text][et_pb_wc_related_products include_categories=\u00a0\u00bb98&Prime; _builder_version=\u00a0\u00bb4.23&Prime; _module_preset=\u00a0\u00bbdefault\u00a0\u00bb global_colors_info=\u00a0\u00bb{}\u00a0\u00bb][\/et_pb_wc_related_products][et_pb_text _builder_version=\u00a0\u00bb4.23&Prime; _module_preset=\u00a0\u00bbdefault\u00a0\u00bb text_font_size=\u00a0\u00bb17px\u00a0\u00bb text_letter_spacing=\u00a0\u00bb1px\u00a0\u00bb text_line_height=\u00a0\u00bb1.8em\u00a0\u00bb header_3_font=\u00a0\u00bb|700|||||||\u00a0\u00bb global_colors_info=\u00a0\u00bb{}\u00a0\u00bb]<\/p>\n<h3 class=\"wp-block-heading\">2. barbecues au charbon de bois<\/h3>\n<p><!-- \/divi:heading --><!-- divi:paragraph --><\/p>\n<p>Nos <strong>barbecues au charbon de bois<\/strong> sont parfaits pour ceux qui recherchent la saveur fum\u00e9e classique. En outre, nous proposons du charbon de bois de haute qualit\u00e9 pour garantir les meilleurs r\u00e9sultats. <\/p>\n<p>[\/et_pb_text][et_pb_text _builder_version=\u00a0\u00bb4.23&Prime; _module_preset=\u00a0\u00bbdefault\u00a0\u00bb header_3_font=\u00a0\u00bb|700|||||||\u00a0\u00bb header_3_font_size=\u00a0\u00bb17px\u00a0\u00bb global_colors_info=\u00a0\u00bb{}\u00a0\u00bb]<\/p>\n<h3><span style=\"font-size: 26px;\">3. Grilles  <\/span><\/h3>\n<p><span style=\"font-size: 14px;\">Nos <\/span><strong style=\"font-size: 14px;\">grils<\/strong><span style=\"font-size: 14px;\">  sont durables et faciles \u00e0 nettoyer. Elles sont parfaites pour r\u00f4tir du poulet gourmet ou tout autre type de viande. <\/span><\/p>\n<p>[\/et_pb_text][et_pb_text _builder_version=\u00a0\u00bb4.23&Prime; _module_preset=\u00a0\u00bbdefault\u00a0\u00bb global_colors_info=\u00a0\u00bb{}\u00a0\u00bb]<\/p>\n<p><span style=\"font-size: 26px;\">4. Prix comp\u00e9titifs<\/span><\/p>\n<p> <span style=\"font-size: 14px;\">Nous proposons des <\/span><strong style=\"font-size: 14px;\">barbecues \u00e0 des prix comp\u00e9titifs<\/strong><span style=\"font-size: 14px;\">  et m\u00eame le financement avec Pepper. Nous pensons que tout le monde devrait avoir acc\u00e8s \u00e0 un barbecue de haute qualit\u00e9 sans se ruiner. <\/span><\/p>\n<p>[\/et_pb_text][et_pb_text _builder_version=\u00a0\u00bb4.23&Prime; _module_preset=\u00a0\u00bbdefault\u00a0\u00bb global_colors_info=\u00a0\u00bb{}\u00a0\u00bb]<\/p>\n<p><span style=\"font-size: 26px;\">5. Barbecues portables<\/span><\/p>\n<p> <span style=\"font-size: 14px;\">Pour ceux qui aiment l&rsquo;aventure, nous proposons <\/span><strong style=\"font-size: 14px;\">des barbecues portables<\/strong><span style=\"font-size: 14px;\">. Ils sont faciles \u00e0 transporter et parfaits pour les pique-niques ou les sorties \u00e0 la plage.<\/span><\/p>\n<p>[\/et_pb_text][et_pb_text _builder_version=\u00a0\u00bb4.23&Prime; _module_preset=\u00a0\u00bbdefault\u00a0\u00bb global_colors_info=\u00a0\u00bb{}\u00a0\u00bb]<\/p>\n<p><span style=\"font-size: 26px;\">6. Un excellent service \u00e0 la client\u00e8le<\/span><\/p>\n<p> <span style=\"font-size: 14px;\">Notre \u00e9quipe est toujours heureuse de vous aider \u00e0 trouver le barbecue id\u00e9al pour vos besoins.<\/span><\/p>\n<p>[\/et_pb_text][et_pb_text _builder_version=\u00a0\u00bb4.23&Prime; _module_preset=\u00a0\u00bbdefault\u00a0\u00bb global_colors_info=\u00a0\u00bb{}\u00a0\u00bb]<\/p>\n<p><span style=\"font-size: 26px;\">7. Emplacement pratique<\/span><\/p>\n<p> <span style=\"font-size: 14px;\">Notre <\/span><strong style=\"font-size: 14px;\">magasin de barbecue \u00e0 Calpe<\/strong><span style=\"font-size: 14px;\"> est facilement accessible, ce qui rend l&rsquo;achat chez nous simple et pratique.<\/span><\/p>\n<p>[\/et_pb_text][et_pb_text _builder_version=\u00a0\u00bb4.23&Prime; _module_preset=\u00a0\u00bbdefault\u00a0\u00bb global_colors_info=\u00a0\u00bb{}\u00a0\u00bb]<\/p>\n<p><span style=\"font-size: 26px;\">8. Barbecues avec four \u00e0 bois<\/span><\/p>\n<p> <span style=\"font-size: 14px;\">Pour les amateurs de pizza, nous proposons <\/span><strong style=\"font-size: 14px;\">des barbecues avec four \u00e0 bois<\/strong><span style=\"font-size: 14px;\">. Ces barbecues polyvalents vous permettent de pr\u00e9parer des pizzas, des pains et bien d&rsquo;autres choses encore.<\/span><\/p>\n<p>[\/et_pb_text][et_pb_text _builder_version=\u00a0\u00bb4.23&Prime; _module_preset=\u00a0\u00bbdefault\u00a0\u00bb global_colors_info=\u00a0\u00bb{}\u00a0\u00bb]<\/p>\n<p><span style=\"font-size: 26px;\">9. Conseils d&rsquo;experts<\/span><\/p>\n<p> <span style=\"font-size: 14px;\">Notre personnel sp\u00e9cialis\u00e9 peut vous conseiller sur la mani\u00e8re d&rsquo;allumer un barbecue au charbon de bois, sur son entretien et sur bien d&rsquo;autres choses encore.<\/span><\/p>\n<p>[\/et_pb_text][et_pb_text _builder_version=\u00a0\u00bb4.23&Prime; _module_preset=\u00a0\u00bbdefault\u00a0\u00bb global_colors_info=\u00a0\u00bb{}\u00a0\u00bb]<\/p>\n<h2 class=\"wp-block-heading\">10. Satisfaction garantie<\/h2>\n<p> <span style=\"font-size: 14px;\">Nous nous effor\u00e7ons d&rsquo;assurer la satisfaction du client dans toutes nos ventes de barbecues.<\/span><\/p>\n<p>[\/et_pb_text][\/et_pb_column][\/et_pb_row][et_pb_row _builder_version=\u00a0\u00bb4.16&Prime; background_size=\u00a0\u00bbinitial\u00a0\u00bb background_position=\u00a0\u00bbtop_left\u00a0\u00bb background_repeat=\u00a0\u00bbrepeat\u00a0\u00bb custom_margin=\u00a0\u00bb0px|auto||auto||\u00a0\u00bb custom_padding=\u00a0\u00bb28px|||||\u00a0\u00bb global_colors_info=\u00a0\u00bb{}\u00a0\u00bb][et_pb_column type=\u00a0\u00bb4_4&Prime; _builder_version=\u00a0\u00bb4.16&Prime; custom_padding=\u00a0\u00bb|||\u00a0\u00bb global_colors_info=\u00a0\u00bb{}\u00a0\u00bb custom_padding__hover=\u00a0\u00bb|||\u00a0\u00bb][et_pb_text _builder_version=\u00a0\u00bb4.16&Prime; background_size=\u00a0\u00bbinitial\u00a0\u00bb background_position=\u00a0\u00bbtop_left\u00a0\u00bb background_repeat=\u00a0\u00bbrepeat\u00a0\u00bb global_colors_info=\u00a0\u00bb{}\u00a0\u00bb]<!-- divi:heading --><!-- divi:heading --><!-- \/divi:paragraph --><!-- divi:heading --><\/p>\n<p>&nbsp;<\/p>\n<p> <span style=\"font-size: 14px;\">si vous cherchez \u00e0 <\/span><strong style=\"font-size: 14px;\">acheter un barbecue \u00e0 Calpe<\/strong><span style=\"font-size: 14px;\">notre magasin est l&rsquo;endroit id\u00e9al. Nous vous proposons une large gamme de produits, des prix comp\u00e9titifs et un service client\u00e8le exceptionnel. <\/span><\/p>\n<p> <span style=\"font-size: 14px;\">De plus, nous ne sommes pas seulement un magasin physique. Nous sommes \u00e9galement une boutique en ligne et pouvons livrer vos achats directement \u00e0 votre porte. Visitez notre site web pour d\u00e9couvrir notre gamme compl\u00e8te de produits.  <\/span><\/p>\n<p> <strong style=\"font-size: 14px;\">N&rsquo;attendez plus ! Venez nous rendre visite aujourd&rsquo;hui ou visitez notre site web pour d\u00e9couvrir le barbecue parfait pour vous, nous vous attendons \u00e0 bras ouverts !  <\/strong><\/p>\n<p>&nbsp;<\/p>\n<p>&nbsp;<\/p>\n<p>&nbsp;<\/p>\n<p><!-- \/divi:paragraph -->[\/et_pb_text][\/et_pb_column][\/et_pb_row][\/et_pb_section]<\/p>\n","protected":false},"excerpt":{"rendered":"<p>Acheter un barbecue \u00e0 CalpeBarbacoas-Argentinas.com, magasin de barbecues \u00e0 Calpe, Alicante, Espagne.Bienvenue dans notre magasin de barbecues, l&rsquo;endroit id\u00e9al pour acheter un barbecue \u00e0 Calpe. Nous sommes sp\u00e9cialis\u00e9s dans les barbecues encastrables et les grilles en acier inoxydable, offrant une large gamme de produits pour r\u00e9pondre \u00e0 tous vos besoins en mati\u00e8re de barbecue. Les [&hellip;]<\/p>\n","protected":false},"author":1,"featured_media":0,"parent":0,"menu_order":0,"comment_status":"closed","ping_status":"closed","template":"","meta":{"_et_pb_use_builder":"on","_et_pb_old_content":"","_et_gb_content_width":"","footnotes":""},"class_list":["post-7603","page","type-page","status-publish","hentry"],"_links":{"self":[{"href":"https:\/\/barbacoas-argentinas.com\/fr\/wp-json\/wp\/v2\/pages\/7603","targetHints":{"allow":["GET"]}}],"collection":[{"href":"https:\/\/barbacoas-argentinas.com\/fr\/wp-json\/wp\/v2\/pages"}],"about":[{"href":"https:\/\/barbacoas-argentinas.com\/fr\/wp-json\/wp\/v2\/types\/page"}],"author":[{"embeddable":true,"href":"https:\/\/barbacoas-argentinas.com\/fr\/wp-json\/wp\/v2\/users\/1"}],"replies":[{"embeddable":true,"href":"https:\/\/barbacoas-argentinas.com\/fr\/wp-json\/wp\/v2\/comments?post=7603"}],"version-history":[{"count":0,"href":"https:\/\/barbacoas-argentinas.com\/fr\/wp-json\/wp\/v2\/pages\/7603\/revisions"}],"wp:attachment":[{"href":"https:\/\/barbacoas-argentinas.com\/fr\/wp-json\/wp\/v2\/media?parent=7603"}],"curies":[{"name":"wp","href":"https:\/\/api.w.org\/{rel}","templated":true}]}}