{"id":7598,"date":"2024-03-05T17:38:29","date_gmt":"2024-03-05T17:38:29","guid":{"rendered":"https:\/\/barbacoas-argentinas.com\/cadeau-de-fete-des-peres-parrilla-argentina\/"},"modified":"2025-05-27T08:33:46","modified_gmt":"2025-05-27T08:33:46","slug":"cadeau-de-fete-des-peres-parrilla-argentina","status":"publish","type":"page","link":"https:\/\/barbacoas-argentinas.com\/fr\/cadeau-de-fete-des-peres-parrilla-argentina\/","title":{"rendered":"Cadeau de f\u00eate des p\u00e8res Parrilla Argentina"},"content":{"rendered":"\n[et_pb_section fb_built=\u00a0\u00bb1&Prime; _builder_version=\u00a0\u00bb4.24.2&Prime; _module_preset=\u00a0\u00bbdefault\u00a0\u00bb custom_padding=\u00a0\u00bb28px|||||\u00a0\u00bb global_colors_info=\u00a0\u00bb{}\u00a0\u00bb][et_pb_row column_structure=\u00a0\u00bb2_5,3_5&Prime; _builder_version=\u00a0\u00bb4.24.2&Prime; _module_preset=\u00a0\u00bbdefault\u00a0\u00bb width_tablet=\u00a0\u00bb98%\u00a0\u00bb width_phone=\u00a0\u00bb98%\u00a0\u00bb width_last_edited=\u00a0\u00bbon|phone\u00a0\u00bb module_alignment=\u00a0\u00bbcenter\u00a0\u00bb global_colors_info=\u00a0\u00bb{}\u00a0\u00bb][et_pb_column type=\u00a0\u00bb2_5&Prime; _builder_version=\u00a0\u00bb4.24.2&Prime; _module_preset=\u00a0\u00bbdefault\u00a0\u00bb global_colors_info=\u00a0\u00bb{}\u00a0\u00bb][et_pb_text _builder_version=\u00a0\u00bb4.24.2&Prime; _module_preset=\u00a0\u00bbdefault\u00a0\u00bb text_font_size=\u00a0\u00bb18px\u00a0\u00bb header_font=\u00a0\u00bb|700|||||||\u00a0\u00bb header_font_size=\u00a0\u00bb40px\u00a0\u00bb width_tablet=\u00a0\u00bb95%\u00a0\u00bb width_phone=\u00a0\u00bb95%\u00a0\u00bb width_last_edited=\u00a0\u00bbon|phone\u00a0\u00bb custom_margin_tablet=\u00a0\u00bb\u00a0\u00bb custom_margin_phone=\u00a0\u00bb-26px||||false|false\u00a0\u00bb custom_margin_last_edited=\u00a0\u00bbon|phone\u00a0\u00bb hover_enabled=\u00a0\u00bb0&Prime; text_font_size_tablet=\u00a0\u00bb22px\u00a0\u00bb text_font_size_phone=\u00a0\u00bb16px\u00a0\u00bb text_font_size_last_edited=\u00a0\u00bbon|phone\u00a0\u00bb header_font_size_tablet=\u00a0\u00bb40px\u00a0\u00bb header_font_size_phone=\u00a0\u00bb26px\u00a0\u00bb header_font_size_last_edited=\u00a0\u00bbon|phone\u00a0\u00bb global_colors_info=\u00a0\u00bb{}\u00a0\u00bb sticky_enabled=\u00a0\u00bb0&Prime;]<h1 style=\"text-align: center;\">Offrez une Parrilla argentine comme cadeau de f\u00eate des p\u00e8res !<\/h1>\n<p style=\"text-align: center;\">Voir le sourire de papa apr\u00e8s le grand effort qu&rsquo;il a fait pour venir en Espagne et lui donner un peu de la chaleur de notre Argentine bien-aim\u00e9e.<\/p>\n<p style=\"text-align: center;\">Nous sommes impatients de r\u00e9unir \u00e0 nouveau la famille autour d&rsquo;un merveilleux barbecue aux portes de votre jardin, en partageant le feu des braises et quelques bi\u00e8res bien fra\u00eeches.<\/p>\n<blockquote>\n<p style=\"text-align: center;\"><strong><em>avec le code \u00ab 15-father \u00bb vous pouvez acc\u00e9der \u00e0 une r\u00e9duction incroyable pour cette merveilleuse journ\u00e9e.<\/em><\/strong><\/p>\n<\/blockquote>\n<p style=\"text-align: center;\"><strong>Ou si vous pr\u00e9f\u00e9rez, vous pouvez acc\u00e9der directement au produit<\/strong><\/p>\n<p style=\"text-align: center;\"><strong>| Parrilla <a href=\"https:\/\/barbacoas-argentinas.com\/parrillas-tromen\/tromen-pampeana\/\">Portable Pampeana<\/a> | Parrilla <a href=\"https:\/\/barbacoas-argentinas.com\/parrillas-tromen\/tromen-gaucha\/\">Port\u00e1til Gaucha<\/a> | Parrilla <a href=\"https:\/\/barbacoas-argentinas.com\/parrillas-tromen\/chulengo-con-ruedas\/\">Port\u00e1til Chulengo<\/a> | Parrilla <a href=\"https:\/\/barbacoas-argentinas.com\/parrillas-tromen\/tromen-campo-con-sistema\/\">Portatil Campo con Sistema | Parrilla Portatil Campo con Sistema<\/a> | Parrilla Portable Chulengo | Parrilla Port\u00e1til Ch ulengo | Parrilla Portatil Campo con Sistema | Parrilla Port\u00e1til Chulengo<\/strong><br><strong><a href=\"https:\/\/barbacoas-argentinas.com\/parrillas-tromen\/parrilla-a-lena-tromen-timbal\/\">Parrilla a le\u00f1a Tromen Timbal | Parrilla a le\u00f1a Tromen Timbal | Parrilla a le\u00f1a Tromen Timbal<\/a> | <a href=\"https:\/\/barbacoas-argentinas.com\/duomos\/duomo-oval\/\">Duomo<\/a> <a href=\"https:\/\/barbacoas-argentinas.com\/duomos\/hummer\/\">Hummer Tromen<\/a> | Duomo Oval | <a href=\"https:\/\/barbacoas-argentinas.com\/duomos\/fogonero-a-lena\/\">Ceibo <\/a> | Duomo <a href=\"https:\/\/barbacoas-argentinas.com\/accesorios\/percha-duomo-tromen\/\">with Hanger<\/a> | Duomo <a href=\"https:\/\/barbacoas-argentinas.com\/duomos\/duomo-grande\/\">Grande<\/a> | Parrilla a le\u00f1a Tromen Timbal <\/strong><\/p>[\/et_pb_text][\/et_pb_column][et_pb_column type=\u00a0\u00bb3_5&Prime; _builder_version=\u00a0\u00bb4.24.2&Prime; _module_preset=\u00a0\u00bbdefault\u00a0\u00bb global_colors_info=\u00a0\u00bb{}\u00a0\u00bb][et_pb_code _builder_version=\u00a0\u00bb4.24.2&Prime; _module_preset=\u00a0\u00bbdefault\u00a0\u00bb text_orientation=\u00a0\u00bbcenter\u00a0\u00bb module_alignment=\u00a0\u00bbcenter\u00a0\u00bb custom_margin_tablet=\u00a0\u00bb\u00a0\u00bb custom_margin_phone=\u00a0\u00bb-59px||||false|false\u00a0\u00bb custom_margin_last_edited=\u00a0\u00bbon|phone\u00a0\u00bb text_orientation_tablet=\u00a0\u00bbcenter\u00a0\u00bb text_orientation_phone=\u00a0\u00bbcenter\u00a0\u00bb text_orientation_last_edited=\u00a0\u00bbon|tablet\u00a0\u00bb module_alignment_tablet=\u00a0\u00bbcenter\u00a0\u00bb module_alignment_phone=\u00a0\u00bbcenter\u00a0\u00bb module_alignment_last_edited=\u00a0\u00bbon|phone\u00a0\u00bb global_colors_info=\u00a0\u00bb{}\u00a0\u00bb][smartslider3 slider=\u00a0\u00bb5&Prime;][\/et_pb_code][\/et_pb_column][\/et_pb_row][\/et_pb_section]\n","protected":false},"excerpt":{"rendered":"<p>Offrez une Parrilla argentine comme cadeau de f\u00eate des p\u00e8res ! Voir le sourire de papa apr\u00e8s le grand effort qu&rsquo;il a fait pour venir en Espagne et lui donner un peu de la chaleur de notre Argentine bien-aim\u00e9e. Nous sommes impatients de r\u00e9unir \u00e0 nouveau la famille autour d&rsquo;un merveilleux barbecue aux portes de [&hellip;]<\/p>\n","protected":false},"author":1,"featured_media":0,"parent":0,"menu_order":0,"comment_status":"closed","ping_status":"closed","template":"","meta":{"_et_pb_use_builder":"on","_et_pb_old_content":"","_et_gb_content_width":"","footnotes":""},"class_list":["post-7598","page","type-page","status-publish","hentry"],"_links":{"self":[{"href":"https:\/\/barbacoas-argentinas.com\/fr\/wp-json\/wp\/v2\/pages\/7598","targetHints":{"allow":["GET"]}}],"collection":[{"href":"https:\/\/barbacoas-argentinas.com\/fr\/wp-json\/wp\/v2\/pages"}],"about":[{"href":"https:\/\/barbacoas-argentinas.com\/fr\/wp-json\/wp\/v2\/types\/page"}],"author":[{"embeddable":true,"href":"https:\/\/barbacoas-argentinas.com\/fr\/wp-json\/wp\/v2\/users\/1"}],"replies":[{"embeddable":true,"href":"https:\/\/barbacoas-argentinas.com\/fr\/wp-json\/wp\/v2\/comments?post=7598"}],"version-history":[{"count":0,"href":"https:\/\/barbacoas-argentinas.com\/fr\/wp-json\/wp\/v2\/pages\/7598\/revisions"}],"wp:attachment":[{"href":"https:\/\/barbacoas-argentinas.com\/fr\/wp-json\/wp\/v2\/media?parent=7598"}],"curies":[{"name":"wp","href":"https:\/\/api.w.org\/{rel}","templated":true}]}}