{"id":7552,"date":"2024-03-20T19:37:35","date_gmt":"2024-03-20T19:37:35","guid":{"rendered":"https:\/\/barbacoas-argentinas.com\/gagnant-de-la-tombola-de-la-fete-des-peres\/"},"modified":"2025-05-27T08:33:18","modified_gmt":"2025-05-27T08:33:18","slug":"gagnant-de-la-tombola-de-la-fete-des-peres","status":"publish","type":"page","link":"https:\/\/barbacoas-argentinas.com\/fr\/gagnant-de-la-tombola-de-la-fete-des-peres\/","title":{"rendered":"Gagnant de la tombola de la f\u00eate des p\u00e8res !"},"content":{"rendered":"<p>[et_pb_section fb_built=\u00a0\u00bb1&Prime; _builder_version=\u00a0\u00bb4.24.2&Prime; _module_preset=\u00a0\u00bbdefault\u00a0\u00bb background_enable_pattern_style=\u00a0\u00bbon\u00a0\u00bb background_pattern_style=\u00a0\u00bbsmiles\u00a0\u00bb background_pattern_color=\u00a0\u00bbrgba(224,43,32,0.39)\u00a0\u00bb global_colors_info=\u00a0\u00bb{}\u00a0\u00bb][et_pb_row column_structure=\u00a0\u00bb3_5,2_5&Prime; _builder_version=\u00a0\u00bb4.24.2&Prime; _module_preset=\u00a0\u00bbdefault\u00a0\u00bb global_colors_info=\u00a0\u00bb{}\u00a0\u00bb][et_pb_column type=\u00a0\u00bb3_5&Prime; _builder_version=\u00a0\u00bb4.24.2&Prime; _module_preset=\u00a0\u00bbdefault\u00a0\u00bb global_colors_info=\u00a0\u00bb{}\u00a0\u00bb][et_pb_video src=\u00a0\u00bbhttps:\/\/youtu.be\/npqJFbNTwuk?si=io9FPWBsO_DA_6I4&Prime; _builder_version=\u00a0\u00bb4.24.2&Prime; _module_preset=\u00a0\u00bbdefault\u00a0\u00bb global_colors_info=\u00a0\u00bb{}\u00a0\u00bb][\/et_pb_video][\/et_pb_column][et_pb_column type=\u00a0\u00bb2_5&Prime; _builder_version=\u00a0\u00bb4.24.2&Prime; _module_preset=\u00a0\u00bbdefault\u00a0\u00bb global_colors_info=\u00a0\u00bb{}\u00a0\u00bb][et_pb_text _builder_version=\u00a0\u00bb4.24.2&Prime; _module_preset=\u00a0\u00bbdefault\u00a0\u00bb text_font_size=\u00a0\u00bb20px\u00a0\u00bb background_color=\u00a0\u00bb#FFFFFF\u00a0\u00bb width=\u00a0\u00bb93%\u00a0\u00bb width_tablet=\u00a0\u00bb90%\u00a0\u00bb width_phone=\u00a0\u00bb90%\u00a0\u00bb width_last_edited=\u00a0\u00bbon|phone\u00a0\u00bb text_font_tablet=\u00a0\u00bb\u00a0\u00bb text_font_phone=\u00a0\u00bb\u00a0\u00bb text_font_last_edited=\u00a0\u00bbon|phone\u00a0\u00bb text_font_size_tablet=\u00a0\u00bb20px\u00a0\u00bb text_font_size_phone=\u00a0\u00bb20px\u00a0\u00bb text_font_size_last_edited=\u00a0\u00bbon|desktop\u00a0\u00bb global_colors_info=\u00a0\u00bb{}\u00a0\u00bb]<\/p>\n<h1><strong><\/strong><\/h1>\n<h1><strong><\/strong><\/h1>\n<h1><strong><\/strong><\/h1>\n<h1><strong><\/strong><\/h1>\n<h1><strong><\/strong><\/h1>\n<h1><strong><\/strong><\/h1>\n<h1><strong>Nous avons d\u00e9j\u00e0 le gagnant de la tombola de la f\u00eate des p\u00e8res !<\/strong><\/h1>\n<p><strong><\/strong><\/p>\n<p><strong><\/strong><\/p>\n<p><strong>F\u00e9licitations \u00e0 Bernd Schmidt<\/strong>, vous avez gagn\u00e9 la tombola, pour le <a href=\"https:\/\/barbacoas-argentinas.com\/accesorios\/tromen-circular\/\">brasero de table Tromen<\/a>.<\/p>\n<p>&nbsp;<\/p>\n<p>&nbsp;<\/p>\n<p>[\/et_pb_text][et_pb_button button_text=\u00a0\u00bbVOIR LE R\u00c9SULTAT OFFICIEL\u00a0\u00bb _builder_version=\u00a0\u00bb4.24.2&Prime; _module_preset=\u00a0\u00bbdefault\u00a0\u00bb button_url=\u00a0\u00bbhttps:\/\/echaloasuerte.com\/raffle\/c7b2429f-0f9c-4c18-ae07-552ce0642793&Prime; url_new_window=\u00a0\u00bbon\u00a0\u00bb hover_enabled=\u00a0\u00bb0&Prime; sticky_enabled=\u00a0\u00bb0&Prime; button_alignment=\u00a0\u00bbcenter\u00a0\u00bb][\/et_pb_button][\/et_pb_column][\/et_pb_row][\/et_pb_section]<\/p>\n","protected":false},"excerpt":{"rendered":"<p>Nous avons d\u00e9j\u00e0 le gagnant de la tombola de la f\u00eate des p\u00e8res ! F\u00e9licitations \u00e0 Bernd Schmidt, vous avez gagn\u00e9 la tombola, pour le brasero de table Tromen. &nbsp; &nbsp;<\/p>\n","protected":false},"author":1,"featured_media":0,"parent":0,"menu_order":0,"comment_status":"closed","ping_status":"closed","template":"","meta":{"_et_pb_use_builder":"on","_et_pb_old_content":"","_et_gb_content_width":"","footnotes":""},"class_list":["post-7552","page","type-page","status-publish","hentry"],"_links":{"self":[{"href":"https:\/\/barbacoas-argentinas.com\/fr\/wp-json\/wp\/v2\/pages\/7552","targetHints":{"allow":["GET"]}}],"collection":[{"href":"https:\/\/barbacoas-argentinas.com\/fr\/wp-json\/wp\/v2\/pages"}],"about":[{"href":"https:\/\/barbacoas-argentinas.com\/fr\/wp-json\/wp\/v2\/types\/page"}],"author":[{"embeddable":true,"href":"https:\/\/barbacoas-argentinas.com\/fr\/wp-json\/wp\/v2\/users\/1"}],"replies":[{"embeddable":true,"href":"https:\/\/barbacoas-argentinas.com\/fr\/wp-json\/wp\/v2\/comments?post=7552"}],"version-history":[{"count":0,"href":"https:\/\/barbacoas-argentinas.com\/fr\/wp-json\/wp\/v2\/pages\/7552\/revisions"}],"wp:attachment":[{"href":"https:\/\/barbacoas-argentinas.com\/fr\/wp-json\/wp\/v2\/media?parent=7552"}],"curies":[{"name":"wp","href":"https:\/\/api.w.org\/{rel}","templated":true}]}}