{"id":7533,"date":"2023-09-19T09:29:15","date_gmt":"2023-09-19T09:29:15","guid":{"rendered":"https:\/\/barbacoas-argentinas.com\/barbecues-tromen\/"},"modified":"2025-10-09T23:44:12","modified_gmt":"2025-10-09T23:44:12","slug":"barbecues-tromen","status":"publish","type":"page","link":"https:\/\/barbacoas-argentinas.com\/fr\/barbecues-tromen\/","title":{"rendered":"Barbecues Tromen"},"content":{"rendered":"\n[et_pb_section fb_built=\u00a0\u00bb1&Prime; _builder_version=\u00a0\u00bb4.22.1&Prime; _module_preset=\u00a0\u00bbdefault\u00a0\u00bb background_color=\u00a0\u00bb#FFFFFF\u00a0\u00bb custom_padding=\u00a0\u00bb0px||0px|||\u00a0\u00bb global_colors_info=\u00a0\u00bb{}\u00a0\u00bb][et_pb_row _builder_version=\u00a0\u00bb4.22.1&Prime; _module_preset=\u00a0\u00bbdefault\u00a0\u00bb global_colors_info=\u00a0\u00bb{}\u00a0\u00bb][et_pb_column type=\u00a0\u00bb4_4&Prime; _builder_version=\u00a0\u00bb4.22.1&Prime; _module_preset=\u00a0\u00bbdefault\u00a0\u00bb global_colors_info=\u00a0\u00bb{}\u00a0\u00bb][et_pb_image src=\u00a0\u00bbhttps:\/\/barbacoas-argentinas.com\/wp-content\/uploads\/2023\/09\/logo-tromen-fuego1000-trans.gif\u00a0\u00bb alt=\u00a0\u00bbTromen enflamm\u00e9\u00a0\u00bb title_text=\u00a0\u00bblogo tromen fuego1000 trans\u00a0\u00bb align=\u00a0\u00bbcenter\u00a0\u00bb _builder_version=\u00a0\u00bb4.22.1&Prime; _module_preset=\u00a0\u00bbdefault\u00a0\u00bb background_color=\u00a0\u00bbRGBA(255,255,255,0)\u00a0\u00bb custom_margin=\u00a0\u00bb-26px|||||\u00a0\u00bb global_colors_info=\u00a0\u00bb{}\u00a0\u00bb][\/et_pb_image][\/et_pb_column][\/et_pb_row][\/et_pb_section][et_pb_section fb_built=\u00a0\u00bb1&Prime; _builder_version=\u00a0\u00bb4.22.1&Prime; _module_preset=\u00a0\u00bbdefault\u00a0\u00bb background_color=\u00a0\u00bb#FFFFFF\u00a0\u00bb custom_margin=\u00a0\u00bb-23px|||||\u00a0\u00bb global_colors_info=\u00a0\u00bb{}\u00a0\u00bb][et_pb_row _builder_version=\u00a0\u00bb4.22.1&Prime; _module_preset=\u00a0\u00bbdefault\u00a0\u00bb custom_margin=\u00a0\u00bb-60px|auto||auto||\u00a0\u00bb global_colors_info=\u00a0\u00bb{}\u00a0\u00bb][et_pb_column type=\u00a0\u00bb4_4&Prime; _builder_version=\u00a0\u00bb4.22.1&Prime; _module_preset=\u00a0\u00bbdefault\u00a0\u00bb global_colors_info=\u00a0\u00bb{}\u00a0\u00bb][et_pb_text _builder_version=\u00a0\u00bb4.22.1&Prime; _module_preset=\u00a0\u00bbdefault\u00a0\u00bb text_font=\u00a0\u00bb|700|||||||\u00a0\u00bb text_text_color=\u00a0\u00bb#FFFFFF\u00a0\u00bb text_orientation=\u00a0\u00bbcenter\u00a0\u00bb global_colors_info=\u00a0\u00bb{}\u00a0\u00bb]<h1><strong>Tromen : le barbecue argentin de haute qualit\u00e9 que vous recherchiez<\/strong><\/h1>[\/et_pb_text][et_pb_text _builder_version=\u00a0\u00bb4.27.4&Prime; _module_preset=\u00a0\u00bbdefault\u00a0\u00bb text_font_size=\u00a0\u00bb19px\u00a0\u00bb text_orientation=\u00a0\u00bbcenter\u00a0\u00bb custom_margin=\u00a0\u00bb|-1px||||\u00a0\u00bb custom_padding=\u00a0\u00bb|4px||||\u00a0\u00bb hover_enabled=\u00a0\u00bb0&Prime; global_colors_info=\u00a0\u00bb{}\u00a0\u00bb sticky_enabled=\u00a0\u00bb0&Prime;]<p data-sourcepos=\"5:1-5:180\" style=\"text-align: justify;\">Vous voulez savourer vos repas en plein air avec les meilleures saveurs ? Le barbecue Tromen est alors le choix id\u00e9al pour vous. <\/p>\n<p data-sourcepos=\"5:1-5:180\" style=\"text-align: justify;\">Nous sommes Tromen Espagne, distributeur officiel de Tromen pour l&rsquo;Espagne et l&rsquo;Europe.<\/p>\n<p data-sourcepos=\"7:1-7:165\" style=\"text-align: justify;\">Tromen est une marque argentine leader sur le march\u00e9 des barbecues. Ses produits sont fabriqu\u00e9s avec des mat\u00e9riaux de haute qualit\u00e9 et offrent d&rsquo;excellentes performances. <\/p>[\/et_pb_text][\/et_pb_column][\/et_pb_row][et_pb_row column_structure=\u00a0\u00bb1_2,1_2&Prime; _builder_version=\u00a0\u00bb4.22.1&Prime; _module_preset=\u00a0\u00bbdefault\u00a0\u00bb custom_margin=\u00a0\u00bb-11px|auto||auto||\u00a0\u00bb custom_padding=\u00a0\u00bb5px|||||\u00a0\u00bb global_colors_info=\u00a0\u00bb{}\u00a0\u00bb][et_pb_column type=\u00a0\u00bb1_2&Prime; _builder_version=\u00a0\u00bb4.22.1&Prime; _module_preset=\u00a0\u00bbdefault\u00a0\u00bb global_colors_info=\u00a0\u00bb{}\u00a0\u00bb][et_pb_image src=\u00a0\u00bbhttps:\/\/barbacoas-argentinas.com\/wp-content\/uploads\/2023\/09\/Tromen_duomo_oval.webp\u00a0\u00bb alt=\u00a0\u00bbDuomo Oval\u00a0\u00bb title_text=\u00a0\u00bbTromen_duomo_oval\u00a0\u00bb _builder_version=\u00a0\u00bb4.22.1&Prime; _module_preset=\u00a0\u00bbdefault\u00a0\u00bb custom_padding=\u00a0\u00bb38px|||||\u00a0\u00bb global_colors_info=\u00a0\u00bb{}\u00a0\u00bb][\/et_pb_image][\/et_pb_column][et_pb_column type=\u00a0\u00bb1_2&Prime; _builder_version=\u00a0\u00bb4.22.1&Prime; _module_preset=\u00a0\u00bbdefault\u00a0\u00bb global_colors_info=\u00a0\u00bb{}\u00a0\u00bb][et_pb_text _builder_version=\u00a0\u00bb4.22.1&Prime; _module_preset=\u00a0\u00bbdefault\u00a0\u00bb global_colors_info=\u00a0\u00bb{}\u00a0\u00bb]<h2><span>Mat\u00e9riaux de haute qualit\u00e9<\/span><\/h2>[\/et_pb_text][et_pb_text _builder_version=\u00a0\u00bb4.22.1&Prime; _module_preset=\u00a0\u00bbdefault\u00a0\u00bb custom_margin=\u00a0\u00bb-18px|-19px||||\u00a0\u00bb global_colors_info=\u00a0\u00bb{}\u00a0\u00bb]<p data-sourcepos=\"17:1-17:192\" style=\"text-align: justify;\">Les barbecues Tromen sont fabriqu\u00e9s \u00e0 partir de mat\u00e9riaux de haute qualit\u00e9 tels que l&rsquo;acier inoxydable, la fonte et la brique r\u00e9fractaire. Cela garantit une plus grande durabilit\u00e9 et de meilleures performances. <\/p>\n<p style=\"text-align: justify;\">Acier inoxydable : l&rsquo;acier inoxydable est un mat\u00e9riau r\u00e9sistant \u00e0 la corrosion et \u00e0 l&rsquo;usure. Il est id\u00e9al pour les barbecues, car il r\u00e9siste aux temp\u00e9ratures \u00e9lev\u00e9es et \u00e0 l&rsquo;humidit\u00e9. <\/p>\n<p style=\"text-align: justify;\">Fonte : la fonte est un mat\u00e9riau durable qui conserve la chaleur. Elle est id\u00e9ale pour les barbecues, car elle permet de cuisiner \u00e0 des temp\u00e9ratures \u00e9lev\u00e9es et d&rsquo;obtenir des viandes juteuses et savoureuses. <\/p>\n<p style=\"text-align: justify;\">Brique r\u00e9fractaire : la brique r\u00e9fractaire est un mat\u00e9riau qui r\u00e9siste aux temp\u00e9ratures \u00e9lev\u00e9es. Elle est id\u00e9ale pour les barbecues, car elle permet de r\u00e9partir la chaleur de mani\u00e8re uniforme. <\/p>[\/et_pb_text][\/et_pb_column][\/et_pb_row][et_pb_row column_structure=\u00a0\u00bb1_2,1_2&Prime; _builder_version=\u00a0\u00bb4.22.1&Prime; _module_preset=\u00a0\u00bbdefault\u00a0\u00bb global_colors_info=\u00a0\u00bb{}\u00a0\u00bb][et_pb_column type=\u00a0\u00bb1_2&Prime; _builder_version=\u00a0\u00bb4.22.1&Prime; _module_preset=\u00a0\u00bbdefault\u00a0\u00bb global_colors_info=\u00a0\u00bb{}\u00a0\u00bb][et_pb_text _builder_version=\u00a0\u00bb4.22.1&Prime; _module_preset=\u00a0\u00bbdefault\u00a0\u00bb global_colors_info=\u00a0\u00bb{}\u00a0\u00bb]<h2><span>Design moderne et fonctionnel<\/span><\/h2>[\/et_pb_text][et_pb_text _builder_version=\u00a0\u00bb4.22.1&Prime; _module_preset=\u00a0\u00bbdefault\u00a0\u00bb width=\u00a0\u00bb100%\u00a0\u00bb global_colors_info=\u00a0\u00bb{}\u00a0\u00bb]<p data-sourcepos=\"25:1-25:89\" style=\"text-align: justify;\">Les barbecues Tromen ont un design moderne et fonctionnel. Ils sont faciles \u00e0 utiliser et \u00e0 nettoyer. <\/p>\n<p style=\"text-align: justify;\">Conception compacte : les barbecues Tromen sont disponibles en diff\u00e9rentes tailles, pour r\u00e9pondre aux besoins de tous les utilisateurs.<\/p>\n<p style=\"text-align: justify;\">Conception ergonomique : les barbecues Tromen sont con\u00e7us de mani\u00e8re ergonomique pour faciliter leur utilisation.<\/p>\n<p style=\"text-align: justify;\">Conception facile \u00e0 nettoyer : les barbecues Tromen sont fabriqu\u00e9s avec des mat\u00e9riaux faciles \u00e0 nettoyer.<\/p>[\/et_pb_text][\/et_pb_column][et_pb_column type=\u00a0\u00bb1_2&Prime; _builder_version=\u00a0\u00bb4.22.1&Prime; _module_preset=\u00a0\u00bbdefault\u00a0\u00bb global_colors_info=\u00a0\u00bb{}\u00a0\u00bb][et_pb_image src=\u00a0\u00bbhttps:\/\/barbacoas-argentinas.com\/wp-content\/uploads\/2023\/09\/PARRILLA-OVAL-2.webp\u00a0\u00bb alt=\u00a0\u00bbGrille ovale\u00a0\u00bb title_text=\u00a0\u00bbGRILL OVAL 2&Prime; _builder_version=\u00a0\u00bb4.22.1&Prime; _module_preset=\u00a0\u00bbdefault\u00a0\u00bb custom_padding=\u00a0\u00bb||0px|||\u00a0\u00bb global_colors_info=\u00a0\u00bb{}\u00a0\u00bb][\/et_pb_image][\/et_pb_column][\/et_pb_row][et_pb_row column_structure=\u00a0\u00bb1_2,1_2&Prime; _builder_version=\u00a0\u00bb4.22.1&Prime; _module_preset=\u00a0\u00bbdefault\u00a0\u00bb global_colors_info=\u00a0\u00bb{}\u00a0\u00bb][et_pb_column type=\u00a0\u00bb1_2&Prime; _builder_version=\u00a0\u00bb4.22.1&Prime; _module_preset=\u00a0\u00bbdefault\u00a0\u00bb global_colors_info=\u00a0\u00bb{}\u00a0\u00bb][et_pb_image src=\u00a0\u00bbhttps:\/\/barbacoas-argentinas.com\/wp-content\/uploads\/2023\/09\/ceibo.webp\u00a0\u00bb alt=\u00a0\u00bbPerformance Tromen Barbecues\u00a0\u00bb title_text=\u00a0\u00bbkapok\u00a0\u00bb _builder_version=\u00a0\u00bb4.22.2&Prime; _module_preset=\u00a0\u00bbdefault\u00a0\u00bb global_colors_info=\u00a0\u00bb{}\u00a0\u00bb][\/et_pb_image][\/et_pb_column][et_pb_column type=\u00a0\u00bb1_2&Prime; _builder_version=\u00a0\u00bb4.22.1&Prime; _module_preset=\u00a0\u00bbdefault\u00a0\u00bb global_colors_info=\u00a0\u00bb{}\u00a0\u00bb][et_pb_text _builder_version=\u00a0\u00bb4.22.1&Prime; _module_preset=\u00a0\u00bbdefault\u00a0\u00bb global_colors_info=\u00a0\u00bb{}\u00a0\u00bb]<h2><span>Excellente performance<\/span><\/h2>[\/et_pb_text][et_pb_text _builder_version=\u00a0\u00bb4.22.1&Prime; _module_preset=\u00a0\u00bbdefault\u00a0\u00bb global_colors_info=\u00a0\u00bb{}\u00a0\u00bb]<p data-sourcepos=\"33:1-33:149\" style=\"text-align: justify;\">Les barbecues Tromen offrent d&rsquo;excellentes performances. Ils sont capables de cuire \u00e0 des temp\u00e9ratures \u00e9lev\u00e9es, ce qui permet d&rsquo;obtenir des viandes juteuses et savoureuses. <\/p>\n<p style=\"text-align: justify;\">Temp\u00e9rature uniforme : Les barbecues Tromen r\u00e9partissent la chaleur de mani\u00e8re uniforme, ce qui permet de cuire \u00e0 la perfection n&rsquo;importe quel type de viande.<\/p>\n<p style=\"text-align: justify;\">Puissance de cuisson : Les barbecues Tromen offrent une grande puissance de cuisson, ce qui vous permet de cuire rapidement de grandes quantit\u00e9s d&rsquo;aliments.<\/p>\n<p style=\"text-align: justify;\">Polyvalence : les barbecues Tromen vous permettent de cuisiner une grande vari\u00e9t\u00e9 d&rsquo;aliments, de la viande au poisson en passant par les l\u00e9gumes.<\/p>[\/et_pb_text][\/et_pb_column][\/et_pb_row][et_pb_row column_structure=\u00a0\u00bb3_5,2_5&Prime; _builder_version=\u00a0\u00bb4.22.1&Prime; _module_preset=\u00a0\u00bbdefault\u00a0\u00bb global_colors_info=\u00a0\u00bb{}\u00a0\u00bb][et_pb_column type=\u00a0\u00bb3_5&Prime; _builder_version=\u00a0\u00bb4.22.1&Prime; _module_preset=\u00a0\u00bbdefault\u00a0\u00bb global_colors_info=\u00a0\u00bb{}\u00a0\u00bb][et_pb_text _builder_version=\u00a0\u00bb4.22.1&Prime; _module_preset=\u00a0\u00bbdefault\u00a0\u00bb global_colors_info=\u00a0\u00bb{}\u00a0\u00bb]<h3><span>Avantages des barbecues Tromen<\/span><\/h3>[\/et_pb_text][et_pb_text _builder_version=\u00a0\u00bb4.22.1&Prime; _module_preset=\u00a0\u00bbdefault\u00a0\u00bb global_colors_info=\u00a0\u00bb{}\u00a0\u00bb]<h3><span>Saveur argentine<\/span><\/h3>[\/et_pb_text][et_pb_text _builder_version=\u00a0\u00bb4.22.1&Prime; _module_preset=\u00a0\u00bbdefault\u00a0\u00bb global_colors_info=\u00a0\u00bb{}\u00a0\u00bb]<p data-sourcepos=\"51:1-51:176\" style=\"text-align: justify;\">Les barbecues Tromen vous permettent de profiter de l&rsquo;authentique saveur argentine. Son syst\u00e8me de grillage permet de sceller le jus de la viande, ce qui lui conf\u00e8re une saveur unique. <\/p>\n<p style=\"text-align: justify;\">Saveur intense : les barbecues Tromen permettent de cuisiner \u00e0 des temp\u00e9ratures \u00e9lev\u00e9es, ce qui rehausse la saveur des aliments.<\/p>\n<p style=\"text-align: justify;\">Go\u00fbt fum\u00e9 : les barbecues Tromen peuvent \u00eatre utilis\u00e9s pour fumer les aliments, ce qui leur donne un go\u00fbt plus intense.<\/p>\n<p style=\"text-align: justify;\">Saveur personnalis\u00e9e : les barbecues Tromen vous permettent de personnaliser la saveur de vos aliments en utilisant diff\u00e9rents types de bois pour le fumage.<\/p>[\/et_pb_text][et_pb_text _builder_version=\u00a0\u00bb4.22.1&Prime; _module_preset=\u00a0\u00bbdefault\u00a0\u00bb global_colors_info=\u00a0\u00bb{}\u00a0\u00bb]<h2><span>Facilit\u00e9 d&rsquo;utilisation<\/span><\/h2>[\/et_pb_text][et_pb_text _builder_version=\u00a0\u00bb4.22.1&Prime; _module_preset=\u00a0\u00bbdefault\u00a0\u00bb global_colors_info=\u00a0\u00bb{}\u00a0\u00bb]<p data-sourcepos=\"59:1-59:104\" style=\"text-align: justify;\">Les barbecues Tromen sont faciles \u00e0 utiliser. Aucune connaissance particuli\u00e8re n&rsquo;est requise pour en profiter. <\/p>\n<p style=\"text-align: justify;\">Des instructions claires : les barbecues Tromen sont accompagn\u00e9s d&rsquo;instructions claires pour faciliter leur utilisation.<\/p>\n<p style=\"text-align: justify;\">Des composants intuitifs : Les composants des barbecues Tromen sont intuitifs, ce qui facilite leur utilisation.<\/p>\n<p style=\"text-align: justify;\">Facilit\u00e9 d&rsquo;entretien : les barbecues Tromen sont faciles \u00e0 entretenir.<\/p>[\/et_pb_text][et_pb_text _builder_version=\u00a0\u00bb4.22.1&Prime; _module_preset=\u00a0\u00bbdefault\u00a0\u00bb global_colors_info=\u00a0\u00bb{}\u00a0\u00bb]<h3><span>Durabilit\u00e9<\/span><\/h3>[\/et_pb_text][et_pb_text _builder_version=\u00a0\u00bb4.22.1&Prime; _module_preset=\u00a0\u00bbdefault\u00a0\u00bb global_colors_info=\u00a0\u00bb{}\u00a0\u00bb]<p data-sourcepos=\"67:1-67:109\" style=\"text-align: justify;\">Les barbecues Tromen sont fabriqu\u00e9s avec des mat\u00e9riaux de haute qualit\u00e9, ce qui garantit une plus grande durabilit\u00e9.<\/p>\n<p style=\"text-align: justify;\">Garantie : Les barbecues Tromen sont garantis 2 ans.<\/p>\n<p style=\"text-align: justify;\">R\u00e9sistance \u00e0 l&rsquo;usure : les barbecues Tromen sont con\u00e7us pour r\u00e9sister \u00e0 l&rsquo;usure.<\/p>[\/et_pb_text][\/et_pb_column][et_pb_column type=\u00a0\u00bb2_5&Prime; _builder_version=\u00a0\u00bb4.22.1&Prime; _module_preset=\u00a0\u00bbdefault\u00a0\u00bb global_colors_info=\u00a0\u00bb{}\u00a0\u00bb][et_pb_image src=\u00a0\u00bbhttps:\/\/barbacoas-argentinas.com\/wp-content\/uploads\/2023\/09\/20-Anos-Tromen.webp\u00a0\u00bb alt=\u00a0\u00bb20 ans Tromen\u00a0\u00bb title_text=\u00a0\u00bb20 ans Tromen\u00a0\u00bb _builder_version=\u00a0\u00bb4.22.2&Prime; _module_preset=\u00a0\u00bbdefault\u00a0\u00bb global_colors_info=\u00a0\u00bb{}\u00a0\u00bb][\/et_pb_image][\/et_pb_column][\/et_pb_row][\/et_pb_section]\n","protected":false},"excerpt":{"rendered":"<p>Tromen : le barbecue argentin de haute qualit\u00e9 que vous recherchiezVous voulez savourer vos repas en plein air avec les meilleures saveurs ? Le barbecue Tromen est alors le choix id\u00e9al pour vous. Nous sommes Tromen Espagne, distributeur officiel de Tromen pour l&rsquo;Espagne et l&rsquo;Europe. Tromen est une marque argentine leader sur le march\u00e9 des [&hellip;]<\/p>\n","protected":false},"author":1,"featured_media":5839,"parent":0,"menu_order":0,"comment_status":"closed","ping_status":"closed","template":"","meta":{"_et_pb_use_builder":"on","_et_pb_old_content":"","_et_gb_content_width":"","footnotes":""},"class_list":["post-7533","page","type-page","status-publish","has-post-thumbnail","hentry"],"_links":{"self":[{"href":"https:\/\/barbacoas-argentinas.com\/fr\/wp-json\/wp\/v2\/pages\/7533","targetHints":{"allow":["GET"]}}],"collection":[{"href":"https:\/\/barbacoas-argentinas.com\/fr\/wp-json\/wp\/v2\/pages"}],"about":[{"href":"https:\/\/barbacoas-argentinas.com\/fr\/wp-json\/wp\/v2\/types\/page"}],"author":[{"embeddable":true,"href":"https:\/\/barbacoas-argentinas.com\/fr\/wp-json\/wp\/v2\/users\/1"}],"replies":[{"embeddable":true,"href":"https:\/\/barbacoas-argentinas.com\/fr\/wp-json\/wp\/v2\/comments?post=7533"}],"version-history":[{"count":0,"href":"https:\/\/barbacoas-argentinas.com\/fr\/wp-json\/wp\/v2\/pages\/7533\/revisions"}],"wp:featuredmedia":[{"embeddable":true,"href":"https:\/\/barbacoas-argentinas.com\/fr\/wp-json\/wp\/v2\/media\/5839"}],"wp:attachment":[{"href":"https:\/\/barbacoas-argentinas.com\/fr\/wp-json\/wp\/v2\/media?parent=7533"}],"curies":[{"name":"wp","href":"https:\/\/api.w.org\/{rel}","templated":true}]}}