{"id":7528,"date":"2023-10-06T16:58:12","date_gmt":"2023-10-06T16:58:12","guid":{"rendered":"https:\/\/barbacoas-argentinas.com\/politique-en-matiere-de-cookies-ue\/"},"modified":"2025-05-27T08:33:02","modified_gmt":"2025-05-27T08:33:02","slug":"politique-en-matiere-de-cookies-ue","status":"publish","type":"page","link":"https:\/\/barbacoas-argentinas.com\/fr\/politique-en-matiere-de-cookies-ue\/","title":{"rendered":"Politique en mati\u00e8re de cookies (UE)"},"content":{"rendered":"<p>[et_pb_section fb_built=\u00a0\u00bb1&Prime; theme_builder_area=\u00a0\u00bbpost_content\u00a0\u00bb _builder_version=\u00a0\u00bb4.22.2&Prime; _module_preset=\u00a0\u00bbdefault\u00a0\u00bb][et_pb_row _builder_version=\u00a0\u00bb4.22.2&Prime; _module_preset=\u00a0\u00bbdefault\u00a0\u00bb theme_builder_area=\u00a0\u00bbpost_content\u00a0\u00bb][et_pb_column _builder_version=\u00a0\u00bb4.22.2&Prime; _module_preset=\u00a0\u00bbdefault\u00a0\u00bb type=\u00a0\u00bb4_4&Prime; theme_builder_area=\u00a0\u00bbpost_content\u00a0\u00bb][et_pb_text _builder_version=\u00a0\u00bb4.22.2&Prime; _module_preset=\u00a0\u00bbdefault\u00a0\u00bb theme_builder_area=\u00a0\u00bbpost_content\u00a0\u00bb hover_enabled=\u00a0\u00bb0&Prime; sticky_enabled=\u00a0\u00bb0&Prime;]<\/p>\n<h1>Politique en mati\u00e8re de cookies<\/h1>\n<p><strong>L&rsquo;utilisation de notre site web<\/strong> n\u00e9cessite l&rsquo;utilisation de petits fichiers de donn\u00e9es appel\u00e9s cookies. Les cookies sont utilis\u00e9s pour am\u00e9liorer le service fourni par Barbacoas Argentinas mais ne stockent aucune information personnelle sur les utilisateurs, les informations obtenues \u00e9tant anonymes.<\/p>\n<p>Si vous le souhaitez, vous pouvez configurer votre navigateur pour \u00eatre averti \u00e0 l&rsquo;\u00e9cran de la r\u00e9ception de cookies et pour emp\u00eacher l&rsquo;installation de cookies sur votre disque dur. Veuillez consulter les instructions et les manuels de votre navigateur pour plus d&rsquo;informations.<\/p>\n<p>Dans le cas des cookies Google Analytics, l&rsquo;application a \u00e9t\u00e9 d\u00e9velopp\u00e9e par Google, qui nous fournit un service d&rsquo;analyse de l&rsquo;audience de notre site web. Cette entreprise peut utiliser ces donn\u00e9es pour am\u00e9liorer ses propres services et pour fournir des services \u00e0 d&rsquo;autres entreprises. Pour en savoir plus sur ces autres utilisations, consultez les sites suivants : www.google.com\/analytics\/ et http:\/\/www.google.es\/intl\/es\/analytics\/privacyoverview.html.<\/p>\n<p>Pour autoriser, conna\u00eetre, bloquer ou supprimer les cookies install\u00e9s sur votre ordinateur, vous pouvez le faire en configurant les options du navigateur install\u00e9 sur votre ordinateur. Par exemple, vous pouvez trouver des informations sur la mani\u00e8re de proc\u00e9der dans l&rsquo;application que vous utilisez comme navigateur :<\/p>\n<p>&#8211; Firefox \u00e0 partir d&rsquo;ici : http:\/\/support.mozilla.org\/es\/products\/firefox\/cookies<\/p>\n<p>&#8211; Chrome \u00e0 partir d&rsquo;ici : http:\/\/support.google.com\/chrome\/bin\/answer.py?hl=es&amp;answer=95647<\/p>\n<p>&#8211; Explorer \u00e0 partir d&rsquo;ici : http:\/\/windows.microsoft.com\/es-es\/windows7\/how-to-manage-cookies-in-internet-explorer-9<\/p>\n<p>&#8211; Safari \u00e0 partir d&rsquo;ici : http:\/\/support.apple.com\/kb\/ph5042<\/p>\n<p>&#8211; Op\u00e9rer \u00e0 partir d&rsquo;ici : http:\/\/help.opera.com\/Windows\/11.50\/es-ES\/cookies.html<\/p>\n<p>[\/et_pb_text][\/et_pb_column][\/et_pb_row][\/et_pb_section]<\/p>\n","protected":false},"excerpt":{"rendered":"<p>Politique en mati\u00e8re de cookies L&rsquo;utilisation de notre site web n\u00e9cessite l&rsquo;utilisation de petits fichiers de donn\u00e9es appel\u00e9s cookies. Les cookies sont utilis\u00e9s pour am\u00e9liorer le service fourni par Barbacoas Argentinas mais ne stockent aucune information personnelle sur les utilisateurs, les informations obtenues \u00e9tant anonymes. Si vous le souhaitez, vous pouvez configurer votre navigateur pour [&hellip;]<\/p>\n","protected":false},"author":1,"featured_media":0,"parent":0,"menu_order":0,"comment_status":"closed","ping_status":"closed","template":"","meta":{"_et_pb_use_builder":"on","_et_pb_old_content":"","_et_gb_content_width":"","footnotes":""},"class_list":["post-7528","page","type-page","status-publish","hentry"],"_links":{"self":[{"href":"https:\/\/barbacoas-argentinas.com\/fr\/wp-json\/wp\/v2\/pages\/7528","targetHints":{"allow":["GET"]}}],"collection":[{"href":"https:\/\/barbacoas-argentinas.com\/fr\/wp-json\/wp\/v2\/pages"}],"about":[{"href":"https:\/\/barbacoas-argentinas.com\/fr\/wp-json\/wp\/v2\/types\/page"}],"author":[{"embeddable":true,"href":"https:\/\/barbacoas-argentinas.com\/fr\/wp-json\/wp\/v2\/users\/1"}],"replies":[{"embeddable":true,"href":"https:\/\/barbacoas-argentinas.com\/fr\/wp-json\/wp\/v2\/comments?post=7528"}],"version-history":[{"count":0,"href":"https:\/\/barbacoas-argentinas.com\/fr\/wp-json\/wp\/v2\/pages\/7528\/revisions"}],"wp:attachment":[{"href":"https:\/\/barbacoas-argentinas.com\/fr\/wp-json\/wp\/v2\/media?parent=7528"}],"curies":[{"name":"wp","href":"https:\/\/api.w.org\/{rel}","templated":true}]}}