{"id":10626,"date":"2026-04-07T23:29:11","date_gmt":"2026-04-07T23:29:11","guid":{"rendered":"https:\/\/barbacoas-argentinas.com\/politique-de-retours-et-remboursements\/"},"modified":"2026-04-08T18:40:06","modified_gmt":"2026-04-08T18:40:06","slug":"politique-de-retours-et-remboursements","status":"publish","type":"page","link":"https:\/\/barbacoas-argentinas.com\/fr\/politique-de-retours-et-remboursements\/","title":{"rendered":"Politique de retours et remboursements"},"content":{"rendered":"<p>[et_pb_section fb_built=\u00a0\u00bb1&Prime; theme_builder_area=\u00a0\u00bbpost_content\u00a0\u00bb _builder_version=\u00a0\u00bb4.27.6&Prime; _module_preset=\u00a0\u00bbdefault\u00a0\u00bb][et_pb_row _builder_version=\u00a0\u00bb4.27.6&Prime; _module_preset=\u00a0\u00bbdefault\u00a0\u00bb theme_builder_area=\u00a0\u00bbpost_content\u00a0\u00bb][et_pb_column _builder_version=\u00a0\u00bb4.27.6&Prime; _module_preset=\u00a0\u00bbdefault\u00a0\u00bb type=\u00a0\u00bb4_4&Prime; theme_builder_area=\u00a0\u00bbpost_content\u00a0\u00bb][et_pb_text _builder_version=\u00a0\u00bb4.27.6&Prime; _module_preset=\u00a0\u00bbdefault\u00a0\u00bb theme_builder_area=\u00a0\u00bbpost_content\u00a0\u00bb hover_enabled=\u00a0\u00bb0&Prime; sticky_enabled=\u00a0\u00bb0&Prime;]<\/p>\n<h1><strong>Politique de retours et remboursements<\/strong><\/h1>\n<p>L&rsquo;achat d&rsquo;un produit sur notre Site Web implique l&rsquo;acceptation des termes des pr\u00e9sentes conditions g\u00e9n\u00e9rales, ainsi que de celles relatives \u00e0 la protection des donn\u00e9es, aux livraisons et retours, et aux mentions l\u00e9gales disponibles sur notre Site Web. Si vous n&rsquo;\u00eates pas d&rsquo;accord avec ces conditions, veuillez ne fournir aucune information personnelle et ne pas utiliser ce service. <\/p>\n<h4><strong><\/strong><\/h4>\n<h3><strong><\/strong><\/h3>\n<h3><strong><\/strong><\/h3>\n<h3><strong><\/strong><\/h3>\n<h3><strong><\/strong><\/h3>\n<h3><strong><\/strong><\/h3>\n<h3><strong>Coordonn\u00e9es<\/strong><\/h3>\n<p>Conform\u00e9ment \u00e0 l&rsquo;article 10 de la Loi 34\/2002, du 11 juillet, relative aux services de la soci\u00e9t\u00e9 de l&rsquo;information et au commerce \u00e9lectronique (LSSICE), les coordonn\u00e9es de l&rsquo;entreprise sont d\u00e9taill\u00e9es ci-dessous :<\/p>\n<p>Raison sociale : BARBACOAS ARGENTINAS S.L.<br \/>NIF : B-54167648<br \/>Adresse : calle los almendros n\u00ba 10 cp 03710 Calpe Alicante Espagne.<br \/>T\u00e9l\u00e9phone : <a href=\"tel:+34965832861\">965832861<\/a><\/p>\n<p>Mobile : <a href=\"tel:+34655814878\">655814878<\/a><br \/>Email : <a href=\"mailto:info@barbacoas-argentinas.com\">info@barbacoas-argentinas.com<\/a><\/p>\n<p>Marque commerciale : BARBACOAS ARGENTINAS, S.L.<\/p>\n<p>\u200b<\/p>\n<h3><strong>Conditions de vente<\/strong><\/h3>\n<ul>\n<li>Tous les achats effectu\u00e9s sur <a href=\"http:\/\/www.barbacoas-argentinas.com\/\">www.barbacoas-argentinas.com<\/a> sont soumis aux conditions g\u00e9n\u00e9rales d&rsquo;achat \u00e9nonc\u00e9es dans le pr\u00e9sent document.<\/li>\n<li>Les prix des produits sont indiqu\u00e9s en euros et s&rsquo;entendent hors TVA. Les prix sont valables sauf erreur typographique ou rupture de stock. <\/li>\n<li>Les ventes r\u00e9alis\u00e9es sur <a href=\"http:\/\/www.barbacoas-argentinas.com\/\">www.barbacoas-argentinas<\/a>.com sont soumises \u00e0 la l\u00e9gislation espagnole et au paiement des taxes correspondantes.<\/li>\n<li>L&rsquo;inscription sur <a href=\"http:\/\/www.barbacoas-argentinas.com\/\">www.barbacoas-argentinas.com<\/a> est gratuite. Le client aura acc\u00e8s \u00e0 ses donn\u00e9es personnelles via un mot de passe et pourra les modifier \u00e0 tout moment. L&rsquo;inscription a pour but l&rsquo;envoi des produits, leur facturation et l&rsquo;offre des meilleures offres. Aucune obligation n&rsquo;est assum\u00e9e du fait de l&rsquo;inscription, et le client peut se d\u00e9sinscrire \u00e0 tout moment.   <\/li>\n<li>BARBACOAS ARGENTINAS S.L. n&rsquo;est pas responsable des modifications des sp\u00e9cifications et caract\u00e9ristiques des produits ou de la d\u00e9r\u00e9f\u00e9rencement d&rsquo;un produit sans pr\u00e9avis par le fabricant.<\/li>\n<li>Les photos illustrant les produits sont indicatives mais ne peuvent \u00eatre utilis\u00e9es comme unique base de d\u00e9cision pour leur achat. Le client doit se r\u00e9f\u00e9rer aux sp\u00e9cifications techniques et \u00e0 la description du produit en question. <\/li>\n<li>BARBACOAS ARGENTINAS, S.L. d\u00e9cline toute responsabilit\u00e9 en cas d&rsquo;erreurs de nos fournisseurs dans les fiches techniques et les descriptions des produits.<\/li>\n<li>Aucune personne mineure ne peut, en aucun cas, utiliser notre Site Web ou effectuer un quelconque achat.<\/li>\n<li>Seule une autorisation expresse des parents ou tuteurs l\u00e9gaux, qui assument alors l&rsquo;enti\u00e8re responsabilit\u00e9 de tout ce qui pourrait survenir, tant pour eux-m\u00eames que pour des tiers, pourrait permettre de passer une commande.<\/li>\n<li>BARBACOAS ARGENTINAS, S.L. se r\u00e9serve le droit de modifier \u00e0 tout moment et unilat\u00e9ralement le prix des produits et services propos\u00e9s sur son site Web. Pour garantir au client la certitude et la s\u00e9curit\u00e9 du prix de ses produits, le prix en vigueur au moment de la validation de la commande sera appliqu\u00e9. <\/li>\n<li>Au moment de la validation de la commande, apr\u00e8s avoir utilis\u00e9 l&rsquo;option d&rsquo;acceptation de la commande dans le menu, le consentement du client est r\u00e9put\u00e9 acquis pour la validit\u00e9 et l&rsquo;efficacit\u00e9 du contrat de vente qui lie les deux parties.<\/li>\n<li>Les deux parties, renon\u00e7ant express\u00e9ment \u00e0 tout autre for juridictionnel qui pourrait leur revenir, se soumettent express\u00e9ment aux tribunaux de Calpe (Alicante) pour r\u00e9soudre tout litige d\u00e9coulant des transactions et relations contractuelles r\u00e9gies par les pr\u00e9sentes conditions g\u00e9n\u00e9rales.<\/li>\n<\/ul>\n<p>&nbsp;<\/p>\n<h3><strong>Droit de r\u00e9tractation<\/strong><\/h3>\n<p>Barbacoas Argentinas S.l. num\u00e9ro de TVA esb 54167648<\/p>\n<p> T\u00e9l\u00e9phone :<a href=\"tel:+34965832861\"> +34 96583286<\/a>1 \u2013 Calle los almendros 10 Calpe Alicante Espagne cp 0370 email : <a href=\"mailto:info@barbacoas-argentinas.com\">info@barbacoas-argentinas.com<\/a><br \/>Vous avez le droit d&rsquo;annuler le pr\u00e9sent contrat dans un d\u00e9lai de quatorze jours sans avoir \u00e0 justifier de motif. Le d\u00e9lai de r\u00e9tractation est de quatorze jours \u00e0 compter de la date \u00e0 laquelle vous, ou un tiers d\u00e9sign\u00e9 par vous autre que le transporteur, prenez possession des marchandises. <\/p>\n<p> Pour exercer votre droit de r\u00e9tractation, vous devez nous informer (Barbacoas Argentinas S.l. T\u00e9l\u00e9phone :<\/p>\n<p>  <a href=\"tel:+34965832861\">+34 965832861<\/a>, calle los almendros 10 Calpe Alicante Espagne cp 0370 email : <a href=\"mailto:info@barbacoas-argentinas.com\">info@barbacoas-argentinas.com<\/a>) de votre d\u00e9cision de vous r\u00e9tracter du pr\u00e9sent contrat par le biais d&rsquo;une d\u00e9claration clairement formul\u00e9e (par exemple, envoy\u00e9e par courrier postal, fax ou courrier \u00e9lectronique).<\/p>\n<p> Pour respecter le d\u00e9lai de r\u00e9tractation, il suffit que vous nous envoyiez votre souhait d&rsquo;exercer votre droit de r\u00e9tractation avant l&rsquo;expiration dudit d\u00e9lai.<\/p>\n<p>&nbsp;<\/p>\n<h3><strong>Effets de la r\u00e9tractation<\/strong><\/h3>\n<p>Si vous vous r\u00e9tractez du pr\u00e9sent contrat, nous nous engageons \u00e0 vous rembourser tous les paiements re\u00e7us de votre part, y compris les frais de livraison (\u00e0 l&rsquo;exception des frais suppl\u00e9mentaires d\u00e9coulant du fait que vous avez choisi un mode de livraison diff\u00e9rent du mode le moins co\u00fbteux que nous proposons). Le remboursement doit \u00eatre effectu\u00e9 imm\u00e9diatement et au plus tard dans les quatorze jours suivant la date de r\u00e9ception de votre notification de r\u00e9tractation du pr\u00e9sent contrat. <\/p>\n<p> Le remboursement sera effectu\u00e9 en utilisant le m\u00eame moyen de paiement que celui que vous avez utilis\u00e9 pour le paiement des marchandises, sauf accord contraire explicite de notre part. Aucuns frais ne vous seront factur\u00e9s pour ce remboursement. <\/p>\n<p> Nous pouvons diff\u00e9rer le remboursement jusqu&rsquo;\u00e0 r\u00e9cup\u00e9ration des marchandises.<br \/>Vous devez nous retourner les marchandises imm\u00e9diatement et, en tout \u00e9tat de cause, au plus tard quatorze jours \u00e0 compter de la date \u00e0 laquelle vous nous avez notifi\u00e9 votre r\u00e9tractation du pr\u00e9sent contrat..<\/p>\n<p> Le d\u00e9lai est respect\u00e9 si vous renvoyez les marchandises avant l&rsquo;expiration du d\u00e9lai de quatorze jours. Les frais directs de retour des marchandises sont \u00e0 votre charge. <\/p>\n<p>Vous n&rsquo;\u00eates liable pour toute d\u00e9pr\u00e9ciation des marchandises que si celle-ci r\u00e9sulte d&rsquo;une manipulation abusive de la marchandise.<\/p>\n<p>Dans le cas de marchandises command\u00e9es sur mesure ou import\u00e9es sp\u00e9cifiquement pour le client, celles-ci ne peuvent \u00eatre retourn\u00e9es car il s&rsquo;agit d&rsquo;une commande sp\u00e9cifique.<\/p>\n<p>&nbsp;<\/p>\n<p>&nbsp;<\/p>\n<h2><span style=\"color: #00798e;\"><strong>Politique de retours et frais de livraison<\/strong><\/span><\/h2>\n<p><strong>Vous pouvez demander le retour de votre commande dans les 14 jours suivant sa r\u00e9ception.<\/strong><\/p>\n<p><strong>Lorsque le retour est effectu\u00e9 \u00e0 l&rsquo;initiative du client et non en raison d&rsquo;une erreur, d&rsquo;un d\u00e9faut ou d&rsquo;un incident li\u00e9 au produit, les frais d&rsquo;envoi du retour sont \u00e0 la charge du client.<\/strong><\/p>\n<p><strong>Le produit doit \u00eatre retourn\u00e9 dans son \u00e9tat d&rsquo;origine, avec son emballage, ses accessoires, ses manuels et tout autre \u00e9l\u00e9ment inclus dans l&rsquo;envoi.<\/strong><\/p>\n<p><strong>Le client peut manipuler ou v\u00e9rifier le produit de la m\u00eame mani\u00e8re qu&rsquo;il le ferait dans un magasin physique. Toutefois, si le produit pr\u00e9sente des signes d&rsquo;utilisation, des dommages ou un \u00e9tat diff\u00e9rent de l&rsquo;original, le montant rembours\u00e9 pourra \u00eatre r\u00e9duit proportionnellement, car l&rsquo;article ne pourra pas \u00eatre remis sur le march\u00e9 comme neuf. <\/strong><\/p>\n<p><strong>L&rsquo;acceptation finale du retour et, le cas \u00e9ch\u00e9ant, la r\u00e9duction du montant \u00e0 rembourser, seront d\u00e9termin\u00e9es apr\u00e8s r\u00e9ception et inspection du produit.<\/strong><\/p>\n<p>&nbsp;<\/p>\n<h3><strong>Livraisons<\/strong><\/h3>\n<p>Les prix de notre boutique sont indiqu\u00e9s hors TVA, laquelle est actuellement de 21 %.<\/p>\n<p>Toutes nos livraisons sont gratuites \u00e0 partir de 80,00 \u20ac d&rsquo;achat pour les envois dans la p\u00e9ninsule ib\u00e9rique. Pour les commandes inf\u00e9rieures, les frais de transport ne sont que de 10 \u20ac.<\/p>\n<p>Les d\u00e9lais de livraison varient selon la destination, n&rsquo;exc\u00e9dant jamais 14 jours dans la p\u00e9ninsule espagnole, \u00e0 condition qu&rsquo;il ne s&rsquo;agisse pas d&rsquo;un produit sur mesure. En g\u00e9n\u00e9ral, pour les petits volumes, le d\u00e9lai est souvent de 24 \u00e0 72 heures, et pour les volumes encombrants, de 5 \u00e0 7 jours.<\/p>\n<p>Pour les livraisons aux \u00eeles Canaries, veuillez consulter les frais d&rsquo;envoi, car ils d\u00e9pendent toujours du volume et du poids de votre commande.<\/p>\n<p>Toutes les commandes peuvent \u00eatre envoy\u00e9es partout dans le monde. Renseignez-vous sans engagement sur le co\u00fbt d&rsquo;exp\u00e9dition vers votre pays s&rsquo;il n&rsquo;appara\u00eet pas sur le site.<br \/>Barbacoas Argentinas S.L. n&rsquo;est pas responsable des retards de livraison imputables \u00e0 l&rsquo;agence de transport responsable de la zone d&rsquo;intervention correspondante. <\/p>\n<p>Lors de la r\u00e9ception de la commande, vous disposez de 24 heures pour v\u00e9rifier l&rsquo;\u00e9tat de la marchandise en cas d&rsquo;avarie pendant le transport. Il est important d&rsquo;indiquer sur le r\u00e9c\u00e9piss\u00e9 que vous signez \u00e0 l&rsquo;agence de transport tout dommage que vous pourriez constater sur le carton ou la mention \u00ab\u00a0sous r\u00e9serve de d\u00e9ballage\u00a0\u00bb. <\/p>\n<p>Si vous constatez un dommage, contactez-nous en urgence pour vous indiquer la proc\u00e9dure \u00e0 suivre.<\/p>\n<p>Veuillez noter que conform\u00e9ment \u00e0 la loi sur le contrat de transport 15\/2009, le domicile s&rsquo;entend comme une livraison au niveau de la rue, au porche indiqu\u00e9. Pour les livraisons \u00e0 l&rsquo;int\u00e9rieur du domicile (comme les combles, cours arri\u00e8re, sous-sols, escaliers, etc.), celles-ci devront \u00eatre \u00e0 la charge du destinataire, car les agences de transport n&rsquo;y sont pas tenues. <\/p>\n<p>Dans le cas sp\u00e9cifique o\u00f9 votre livraison n\u00e9cessite une livraison \u00e0 l&rsquo;int\u00e9rieur de votre domicile, veuillez nous en informer avant de passer votre commande, car ce service implique un suppl\u00e9ment.<\/p>\n<p>Barbacoas Argentinas S.L. n&rsquo;est pas responsable si les informations concernant un produit sur ce site web ne sont pas exactes, compl\u00e8tes ou \u00e0 jour.<\/p>\n<p>&nbsp;<\/p>\n<h3><strong>Garantie<\/strong><\/h3>\n<p>Tous les produits commercialis\u00e9s par BARBACOAS ARGENTINAS, S.L. b\u00e9n\u00e9ficient de la garantie accord\u00e9e par le fabricant correspondant, conform\u00e9ment \u00e0 la loi europ\u00e9enne. Le cas \u00e9ch\u00e9ant, le client devra contacter BARBACOAS ARGENTINAS, S.L. pour faire jouer cette garantie.<\/p>\n<p>Les pr\u00e9sentes mentions l\u00e9gales (ci-apr\u00e8s d\u00e9nomm\u00e9es les \u00ab Mentions l\u00e9gales \u00bb) r\u00e9gissent l&rsquo;utilisation du service du portail Internet www.Barbacoas-Argentinas.com (ci-apr\u00e8s d\u00e9nomm\u00e9 le \u00ab Site Web \u00bb) de BARBACOAS ARGENTINAS, S.L., dont le si\u00e8ge social est situ\u00e9 C\/ LOS ALMENDROS 10, CALPE, 03710, ALICANTE, avec le num\u00e9ro de TVA B54167648.<\/p>\n<p>&nbsp;<\/p>\n<h3><strong>L\u00e9gislation<\/strong><\/h3>\n<p>De mani\u00e8re g\u00e9n\u00e9rale, les relations entre BARBACOAS ARGENTINAS, S.L. et les Utilisateurs de ses services t\u00e9l\u00e9matiques pr\u00e9sents sur le site web sont soumises \u00e0 la l\u00e9gislation et \u00e0 la juridiction espagnoles.<\/p>\n<p> Les parties renoncent express\u00e9ment \u00e0 tout autre for qui pourrait leur revenir et se soumettent express\u00e9ment aux tribunaux de CALPE pour r\u00e9soudre tout litige pouvant survenir dans l&rsquo;interpr\u00e9tation ou l&rsquo;ex\u00e9cution des pr\u00e9sentes conditions contractuelles.<\/p>\n<p>&nbsp;<\/p>\n<h3><strong>Contenu et utilisation<\/strong><\/h3>\n<p><span style=\"font-size: 14px;\">L&rsquo;Utilisateur est inform\u00e9 et accepte que l&rsquo;acc\u00e8s au pr\u00e9sent site web ne constitue en aucun cas le d\u00e9but d&rsquo;une relation commerciale avec BARBACOAS ARGENTINAS, S.L.<\/span><strong><\/strong><\/p>\n<p>Le propri\u00e9taire du site web ne s&rsquo;identifie pas aux opinions \u00e9mises sur celui-ci par ses collaborateurs. L&rsquo;Entreprise se r\u00e9serve le droit d&rsquo;apporter sans pr\u00e9avis les modifications qu&rsquo;elle juge opportunes sur son Site Web, pouvant changer, supprimer ou ajouter tant les contenus et services qui y sont fournis que la mani\u00e8re dont ils apparaissent pr\u00e9sent\u00e9s ou localis\u00e9s sur ses serveurs. <\/p>\n<p>&nbsp;<\/p>\n<h3><strong>Propri\u00e9t\u00e9 intellectuelle et industrielle<\/strong><\/h3>\n<p>Les droits de propri\u00e9t\u00e9 intellectuelle du contenu des pages web, de leur conception graphique et de leurs codes sont la propri\u00e9t\u00e9 de BARBACOAS ARGENTINAS, S.L. et, par cons\u00e9quent, leur reproduction, distribution, communication publique, transformation ou toute autre activit\u00e9 pouvant \u00eatre r\u00e9alis\u00e9e avec le contenu de ses pages web est interdite, m\u00eame en citant les sources, sauf consentement \u00e9crit de BARBACOAS ARGENTINAS, S.L. Tous les noms commerciaux, marques ou signes de quelque nature que ce soit contenus dans les pages web de l&rsquo;Entreprise sont la propri\u00e9t\u00e9 de leurs d\u00e9tenteurs et sont prot\u00e9g\u00e9s par la loi. <\/p>\n<p>&nbsp;<\/p>\n<h3> <strong>Liens (Hyperliens)<\/strong><\/h3>\n<p>La pr\u00e9sence de liens sur les pages web de BARBACOAS ARGENTINAS, S.L. a un but purement informatif et ne constitue en aucun cas une suggestion, une invitation ou une recommandation concernant ceux-ci.<\/p>\n<p>&nbsp;<\/p>\n<h3><strong>Confidentialit\u00e9 et Protection des Donn\u00e9es<\/strong><\/h3>\n<p>Conform\u00e9ment aux dispositions du RGPD du 27 avril 2016, BARBACOAS ARGENTINAS, S.L. informe l&rsquo;Utilisateur de l&rsquo;existence d&rsquo;un traitement automatis\u00e9 de donn\u00e9es \u00e0 caract\u00e8re personnel cr\u00e9\u00e9 par et pour BARBACOAS ARGENTINAS, S.L. et sous sa responsabilit\u00e9, dans le but d&rsquo;assurer la maintenance et la gestion de la relation avec l&rsquo;Utilisateur, ainsi que les t\u00e2ches d&rsquo;information. Au moment de l&rsquo;acceptation des pr\u00e9sentes conditions g\u00e9n\u00e9rales, BARBACOAS ARGENTINAS, S.L. aura besoin de recueillir aupr\u00e8s de l&rsquo;Utilisateur certaines donn\u00e9es indispensables \u00e0 la fourniture de ses services. <\/p>\n<p>&nbsp;<\/p>\n<h3><strong>Enregistrement des fichiers et formulaires<\/strong><\/h3>\n<p>Le remplissage du formulaire d&rsquo;inscription est obligatoire pour acc\u00e9der \u00e0 certains services offerts sur le site web et en profiter. Le fait de ne pas fournir les donn\u00e9es personnelles demand\u00e9es ou de ne pas accepter la pr\u00e9sente politique de protection des donn\u00e9es rend impossible l&rsquo;inscription, l&rsquo;enregistrement ou la participation \u00e0 l&rsquo;une des promotions n\u00e9cessitant la fourniture de donn\u00e9es personnelles. <\/p>\n<p>Conform\u00e9ment aux dispositions du RGPD du 27 avril 2016, nous vous informons que les donn\u00e9es personnelles obtenues suite \u00e0 votre inscription en tant qu&rsquo;Utilisateur seront incorpor\u00e9es dans un fichier dont est propri\u00e9taire BARBACOAS ARGENTINAS, S.L. au num\u00e9ro de TVA B54167648 et dont le si\u00e8ge est situ\u00e9 C\/ LOS ALMENDROS 10, CALPE, 03710, ALICANTE, les mesures de s\u00e9curit\u00e9 \u00e9tablies par le d\u00e9cret royal 1720\/2007, du 11 juin, \u00e9tant mises en \u0153uvre.<\/p>\n<p>&nbsp;<\/p>\n<h3><strong>Exactitude et v\u00e9racit\u00e9 des donn\u00e9es fournies<\/strong><\/h3>\n<p>L&rsquo;Utilisateur est seul responsable de l&rsquo;exactitude et de la correction des donn\u00e9es fournies, BARBACOAS ARGENTINAS, S.L. \u00e9tant d\u00e9gag\u00e9e de toute responsabilit\u00e9 \u00e0 cet \u00e9gard. Les utilisateurs garantissent et assument, en tout \u00e9tat de cause, l&rsquo;exactitude, la validit\u00e9 et l&rsquo;authenticit\u00e9 des donn\u00e9es personnelles fournies, et s&rsquo;engagent \u00e0 les maintenir d\u00fbment \u00e0 jour. <\/p>\n<p>L&rsquo;utilisateur accepte de fournir des informations compl\u00e8tes et correctes dans le formulaire d&rsquo;inscription ou d&rsquo;abonnement. BARBACOAS ARGENTINAS, S.L. n&rsquo;est pas responsable de la v\u00e9racit\u00e9 des informations qui ne sont pas de sa propre cr\u00e9ation et pour lesquelles une autre source est indiqu\u00e9e ; elle n&rsquo;assume donc aucune responsabilit\u00e9 quant aux \u00e9ventuels pr\u00e9judices qui pourraient d\u00e9couler de l&rsquo;utilisation de ces informations. BARBACOAS ARGENTINAS, S.L. se r\u00e9serve le droit de mettre \u00e0 jour, modifier ou supprimer les informations contenues dans ses pages web, pouvant m\u00eame limiter ou ne pas autoriser l&rsquo;acc\u00e8s \u00e0 ces informations.  <\/p>\n<p>BARBACOAS ARGENTINAS, S.L. d\u00e9cline toute responsabilit\u00e9 en cas de dommage ou pr\u00e9judice que l&rsquo;Utilisateur pourrait subir \u00e0 la suite d&rsquo;erreurs, de d\u00e9fauts ou d&rsquo;omissions dans les informations fournies par BARBACOAS ARGENTINAS, S.L., lorsque ces informations proviennent de sources ext\u00e9rieures \u00e0 BARBACOAS ARGENTINAS, S.L.<\/p>\n<p>&nbsp;<\/p>\n<h3><strong>Cookies<\/strong><\/h3>\n<p>Le site <a href=\"http:\/\/www.barbacoas-argentinas.com\/\">www.Barbacoas-Argentinas.com<\/a> n&rsquo;utilise pas de cookies, ces derniers \u00e9tant consid\u00e9r\u00e9s comme des fichiers physiques d&rsquo;information h\u00e9berg\u00e9s sur le terminal de l&rsquo;utilisateur lui-m\u00eame et servant \u00e0 faciliter la navigation de l&rsquo;utilisateur sur le portail. Quoi qu&rsquo;il en soit, l&rsquo;utilisateur a la possibilit\u00e9 de configurer son navigateur de mani\u00e8re \u00e0 emp\u00eacher l&rsquo;installation de ces fichiers. <\/p>\n<p>&nbsp;<\/p>\n<h3><strong>Finalit\u00e9s<\/strong><\/h3>\n<p>Les finalit\u00e9s [NOMBRE_EMPRESA] du site sont la maintenance et la gestion de la relation avec l&rsquo;Utilisateur, ainsi que les t\u00e2ches d&rsquo;information.<\/p>\n<p>&nbsp;<\/p>\n<h3><strong>Mineurs<\/strong><\/h3>\n<p>Dans le cas o\u00f9 certains de nos services seraient sp\u00e9cifiquement destin\u00e9s aux mineurs, BARBACOAS ARGENTINAS, S.L. demandera l&rsquo;accord des parents ou tuteurs pour la collecte des donn\u00e9es personnelles ou, le cas \u00e9ch\u00e9ant, pour le traitement automatis\u00e9 des donn\u00e9es.<\/p>\n<p>&nbsp;<\/p>\n<h3><strong>Cession de donn\u00e9es \u00e0 des tiers<\/strong><\/h3>\n<p>BARBACOAS ARGENTINAS, S.L. ne c\u00e9dera pas les donn\u00e9es des utilisateurs \u00e0 des tiers.<\/p>\n<p>&nbsp;<\/p>\n<h3><strong>Exercice des droits d&rsquo;acc\u00e8s, rectification, annulation et opposition<\/strong><\/h3>\n<p> Vous pouvez adresser vos communications et exercer vos droits d&rsquo;acc\u00e8s, rectification, suppression, limitation, portabilit\u00e9 et opposition \u00e0 l&rsquo;adresse Internet <a href=\"http:\/\/www.barbacoas-argentinas.com\/\">www.Barbacoas-Argentinas.com <\/a>ou par courrier ordinaire adress\u00e9 \u00e0 BARBACOAS ARGENTINAS, S.L., Ref. RGPD, C\/ LOS ALMENDROS 10, CALPE, 03710, ALICANTE. Pour exercer ces droits, il est n\u00e9cessaire que vous justifiiez de votre identit\u00e9 aupr\u00e8s de BARBACOAS ARGENTINAS, S.L. en envoyant une photocopie de votre carte d&rsquo;identit\u00e9 nationale ou tout autre moyen valable en droit. Toutefois, la modification ou la rectification de vos donn\u00e9es d&rsquo;enregistrement peut \u00eatre effectu\u00e9e directement sur le Site apr\u00e8s vous \u00eatre identifi\u00e9 avec votre nom d&rsquo;utilisateur et votre mot de passe.   <\/p>\n<p>&nbsp;<\/p>\n<h3><strong>Mesures de s\u00e9curit\u00e9<\/strong><\/h3>\n<p> BARBACOAS ARGENTINAS, S.L. a adopt\u00e9 les niveaux de s\u00e9curit\u00e9 de protection des Donn\u00e9es Personnelles l\u00e9galement requis et s&rsquo;efforce d&rsquo;installer les autres moyens et mesures techniques suppl\u00e9mentaires \u00e0 sa disposition pour \u00e9viter la perte, la mauvaise utilisation, l&rsquo;alt\u00e9ration, l&rsquo;acc\u00e8s non autoris\u00e9 et le vol des Donn\u00e9es Personnelles fournies \u00e0 BARBACOAS ARGENTINAS, S.L. ne sera pas responsable des \u00e9ventuels dommages ou pr\u00e9judices qui pourraient r\u00e9sulter d&rsquo;interf\u00e9rences, d&rsquo;omissions, d&rsquo;interruptions, de virus informatiques, de pannes t\u00e9l\u00e9phoniques ou de d\u00e9connexions dans le fonctionnement op\u00e9rationnel de ce syst\u00e8me \u00e9lectronique, caus\u00e9s par des raisons ind\u00e9pendantes de la volont\u00e9 de BARBACOAS ARGENTINAS, S.L. ; des retards ou blocages dans l&rsquo;utilisation du pr\u00e9sent syst\u00e8me \u00e9lectronique dus \u00e0 des d\u00e9ficiences ou des surcharges des lignes t\u00e9l\u00e9phoniques ou des surcharges du Centre de Traitement des Donn\u00e9es, du syst\u00e8me Internet ou d&rsquo;autres syst\u00e8mes \u00e9lectroniques, ainsi que des dommages pouvant \u00eatre caus\u00e9s par des tiers par le biais d&rsquo;intrusions ill\u00e9gitimes hors du contr\u00f4le de BARBACOAS ARGENTINAS, S.L. Cela \u00e9tant, l&rsquo;Utilisateur doit \u00eatre conscient que les mesures de s\u00e9curit\u00e9 sur Internet ne sont pas infaillibles. <\/p>\n<p>&nbsp;<\/p>\n<h3><strong>Acceptation et consentement<\/strong><\/h3>\n<p> L&rsquo;utilisateur d\u00e9clare avoir \u00e9t\u00e9 inform\u00e9 des conditions relatives \u00e0 la protection des donn\u00e9es personnelles, acceptant et consentant au traitement automatis\u00e9 de celles-ci par BARBACOAS ARGENTINAS, S.L., de la mani\u00e8re et pour les finalit\u00e9s indiqu\u00e9es dans la pr\u00e9sente Politique de Protection des Donn\u00e9es Personnelles. Certains services fournis sur le Portail peuvent contenir des conditions particuli\u00e8res avec des dispositions sp\u00e9cifiques en mati\u00e8re de protection des Donn\u00e9es Personnelles. <\/p>\n<p>[\/et_pb_text][\/et_pb_column][\/et_pb_row][\/et_pb_section]<\/p>\n","protected":false},"excerpt":{"rendered":"<p>Politique de retours et remboursements L&rsquo;achat d&rsquo;un produit sur notre Site Web implique l&rsquo;acceptation des termes des pr\u00e9sentes conditions g\u00e9n\u00e9rales, ainsi que de celles relatives \u00e0 la protection des donn\u00e9es, aux livraisons et retours, et aux mentions l\u00e9gales disponibles sur notre Site Web. Si vous n&rsquo;\u00eates pas d&rsquo;accord avec ces conditions, veuillez ne fournir aucune [&hellip;]<\/p>\n","protected":false},"author":1,"featured_media":0,"parent":0,"menu_order":0,"comment_status":"closed","ping_status":"closed","template":"","meta":{"_et_pb_use_builder":"on","_et_pb_old_content":"","_et_gb_content_width":"","footnotes":""},"class_list":["post-10626","page","type-page","status-publish","hentry"],"_links":{"self":[{"href":"https:\/\/barbacoas-argentinas.com\/fr\/wp-json\/wp\/v2\/pages\/10626","targetHints":{"allow":["GET"]}}],"collection":[{"href":"https:\/\/barbacoas-argentinas.com\/fr\/wp-json\/wp\/v2\/pages"}],"about":[{"href":"https:\/\/barbacoas-argentinas.com\/fr\/wp-json\/wp\/v2\/types\/page"}],"author":[{"embeddable":true,"href":"https:\/\/barbacoas-argentinas.com\/fr\/wp-json\/wp\/v2\/users\/1"}],"replies":[{"embeddable":true,"href":"https:\/\/barbacoas-argentinas.com\/fr\/wp-json\/wp\/v2\/comments?post=10626"}],"version-history":[{"count":0,"href":"https:\/\/barbacoas-argentinas.com\/fr\/wp-json\/wp\/v2\/pages\/10626\/revisions"}],"wp:attachment":[{"href":"https:\/\/barbacoas-argentinas.com\/fr\/wp-json\/wp\/v2\/media?parent=10626"}],"curies":[{"name":"wp","href":"https:\/\/api.w.org\/{rel}","templated":true}]}}